{"id":1075,"date":"2021-11-26T16:16:15","date_gmt":"2021-11-26T16:16:15","guid":{"rendered":"https:\/\/gamberetti.com.co\/?page_id=1075"},"modified":"2022-10-24T17:56:41","modified_gmt":"2022-10-24T22:56:41","slug":"epoca","status":"publish","type":"page","link":"https:\/\/gamberetti.com.co\/en\/colecciones\/epoca\/","title":{"rendered":"\u00c9poca"},"content":{"rendered":"<div data-elementor-type=\"wp-page\" data-elementor-id=\"1075\" class=\"elementor elementor-1075\" data-elementor-post-type=\"page\">\n\t\t\t\t\t\t<section class=\"elementor-section elementor-top-section elementor-element elementor-element-bcb1286 elementor-section-full_width elementor-section-height-default elementor-section-height-default\" data-id=\"bcb1286\" data-element_type=\"section\">\n\t\t\t\t\t\t<div class=\"elementor-container elementor-column-gap-default\">\n\t\t\t\t\t<div class=\"elementor-column elementor-col-100 elementor-top-column elementor-element elementor-element-a82f2c2\" data-id=\"a82f2c2\" data-element_type=\"column\">\n\t\t\t<div class=\"elementor-widget-wrap elementor-element-populated\">\n\t\t\t\t\t\t<div class=\"elementor-element elementor-element-4f8d04b elementor-widget elementor-widget-text-editor\" data-id=\"4f8d04b\" data-element_type=\"widget\" data-widget_type=\"text-editor.default\">\n\t\t\t\t<div class=\"elementor-widget-container\">\n\t\t\t<style>\/*! elementor - v3.19.0 - 07-02-2024 *\/\n.elementor-widget-text-editor.elementor-drop-cap-view-stacked .elementor-drop-cap{background-color:#69727d;color:#fff}.elementor-widget-text-editor.elementor-drop-cap-view-framed .elementor-drop-cap{color:#69727d;border:3px solid;background-color:transparent}.elementor-widget-text-editor:not(.elementor-drop-cap-view-default) .elementor-drop-cap{margin-top:8px}.elementor-widget-text-editor:not(.elementor-drop-cap-view-default) .elementor-drop-cap-letter{width:1em;height:1em}.elementor-widget-text-editor .elementor-drop-cap{float:left;text-align:center;line-height:1;font-size:50px}.elementor-widget-text-editor .elementor-drop-cap-letter{display:inline-block}<\/style>\t\t\t\t<a href=\"https:\/\/gamberetti.com.co\/en\/colecciones\/\">Collections \/ \u00c9poca<\/a>\t\t\t\t\t\t<\/div>\n\t\t\t\t<\/div>\n\t\t\t\t\t<\/div>\n\t\t<\/div>\n\t\t\t\t\t<\/div>\n\t\t<\/section>\n\t\t\t\t<section class=\"elementor-section elementor-top-section elementor-element elementor-element-8f0385f elementor-section-content-middle elementor-section-boxed elementor-section-height-default elementor-section-height-default\" data-id=\"8f0385f\" data-element_type=\"section\">\n\t\t\t\t\t\t<div class=\"elementor-container elementor-column-gap-default\">\n\t\t\t\t\t<div class=\"elementor-column elementor-col-50 elementor-top-column elementor-element elementor-element-a620082\" data-id=\"a620082\" data-element_type=\"column\">\n\t\t\t<div class=\"elementor-widget-wrap elementor-element-populated\">\n\t\t\t\t\t\t<div class=\"elementor-element elementor-element-01606e5 elementor-widget elementor-widget-image\" data-id=\"01606e5\" data-element_type=\"widget\" data-widget_type=\"image.default\">\n\t\t\t\t<div class=\"elementor-widget-container\">\n\t\t\t<style>\/*! elementor - v3.19.0 - 07-02-2024 *\/\n.elementor-widget-image{text-align:center}.elementor-widget-image a{display:inline-block}.elementor-widget-image a img[src$=\".svg\"]{width:48px}.elementor-widget-image img{vertical-align:middle;display:inline-block}<\/style>\t\t\t\t\t\t\t\t\t\t<img fetchpriority=\"high\" decoding=\"async\" width=\"690\" height=\"1024\" src=\"https:\/\/gamberetti.com.co\/wp-content\/uploads\/2022\/01\/Reemplazo-e\u0301poca--scaled.jpg\" class=\"attachment-large size-large wp-image-2593\" alt=\"\" \/>\t\t\t\t\t\t\t\t\t\t\t\t\t<\/div>\n\t\t\t\t<\/div>\n\t\t\t\t\t<\/div>\n\t\t<\/div>\n\t\t\t\t<div class=\"elementor-column elementor-col-50 elementor-top-column elementor-element elementor-element-818b784\" data-id=\"818b784\" data-element_type=\"column\">\n\t\t\t<div class=\"elementor-widget-wrap elementor-element-populated\">\n\t\t\t\t\t\t<div class=\"elementor-element elementor-element-6a44d1d elementor-widget elementor-widget-heading\" data-id=\"6a44d1d\" data-element_type=\"widget\" data-widget_type=\"heading.default\">\n\t\t\t\t<div class=\"elementor-widget-container\">\n\t\t\t<style>\/*! elementor - v3.19.0 - 07-02-2024 *\/\n.elementor-heading-title{padding:0;margin:0;line-height:1}.elementor-widget-heading .elementor-heading-title[class*=elementor-size-]>a{color:inherit;font-size:inherit;line-height:inherit}.elementor-widget-heading .elementor-heading-title.elementor-size-small{font-size:15px}.elementor-widget-heading .elementor-heading-title.elementor-size-medium{font-size:19px}.elementor-widget-heading .elementor-heading-title.elementor-size-large{font-size:29px}.elementor-widget-heading .elementor-heading-title.elementor-size-xl{font-size:39px}.elementor-widget-heading .elementor-heading-title.elementor-size-xxl{font-size:59px}<\/style><h1 class=\"elementor-heading-title elementor-size-default\">\u00c9poca<\/h1>\t\t<\/div>\n\t\t\t\t<\/div>\n\t\t\t\t<div class=\"elementor-element elementor-element-7097553 elementor-widget elementor-widget-text-editor\" data-id=\"7097553\" data-element_type=\"widget\" data-widget_type=\"text-editor.default\">\n\t\t\t\t<div class=\"elementor-widget-container\">\n\t\t\t\t\t\t\t<p><span style=\"font-weight: 400;\">The word <\/span><b>\u00c9poca<\/b><span style=\"font-weight: 400;\"> attracts memories once pronounced, but more than memories, it attracts past stories, ready to be told; stories of cities and people; stories of times and places; stories that bring us smiles or fill us with wonder.<\/span><\/p><p><span style=\"font-weight: 400;\">At Gamberetti Caribbean Wear we identify with <\/span><b>\u00c9poca<\/b><span style=\"font-weight: 400;\">, ya que nos ayuda a evocar recuerdos de nuestros or\u00edgenes. El color de los tejados, la arquitectura, los colores vivos de las polleras de las palenqueras, el clima c\u00e1lido, la alegr\u00eda de la gente, un coco fr\u00edo, una mu\u00f1equita de leche&#8230; todos estos son factores que le dan vida a las <\/span><b>past times <\/b><span style=\"font-weight: 400;\">are a source of inspiration for our collection.<\/span><\/p>\t\t\t\t\t\t<\/div>\n\t\t\t\t<\/div>\n\t\t\t\t\t<\/div>\n\t\t<\/div>\n\t\t\t\t\t<\/div>\n\t\t<\/section>\n\t\t\t\t<section class=\"elementor-section elementor-top-section elementor-element elementor-element-ca9b573 elementor-section-boxed elementor-section-height-default elementor-section-height-default\" data-id=\"ca9b573\" data-element_type=\"section\">\n\t\t\t\t\t\t<div class=\"elementor-container elementor-column-gap-default\">\n\t\t\t\t\t<div class=\"elementor-column elementor-col-100 elementor-top-column elementor-element elementor-element-48a36f4\" data-id=\"48a36f4\" data-element_type=\"column\">\n\t\t\t<div class=\"elementor-widget-wrap elementor-element-populated\">\n\t\t\t\t\t\t<div class=\"elementor-element elementor-element-a5ef6c4 elementor-grid-3 elementor-grid-tablet-3 elementor-grid-mobile-2 elementor-products-grid elementor-wc-products elementor-show-pagination-border-yes elementor-widget elementor-widget-woocommerce-products\" data-id=\"a5ef6c4\" data-element_type=\"widget\" data-widget_type=\"woocommerce-products.default\">\n\t\t\t\t<div class=\"elementor-widget-container\">\n\t\t\t<link rel=\"stylesheet\" href=\"https:\/\/gamberetti.com.co\/wp-content\/plugins\/elementor-pro\/assets\/css\/widget-woocommerce.min.css\"><div class=\"woocommerce columns-3 product-grid\"><div class=\"woocommerce-notices-wrapper\"><\/div><div class=\"woocommerce-sorting-wrapper\"><div class=\"row\"><div class=\"col-md-6 col-6 botiga-sorting-left\"><div class=\"botiga-sorting-left-inner\"><\/div><\/div><div class=\"col-md-6 col-6 botiga-sorting-right\"><div class=\"botiga-sorting-right-inner\"><\/div><\/div><\/div><\/div><ul class=\"products elementor-grid columns-3\">\n<li class=\"product type-product post-2615 status-publish first instock product_cat-epoca product_cat-shorts has-post-thumbnail shipping-taxable purchasable product-type-variable has-gallery-images woo-variation-gallery-product\">\n\t<a href=\"https:\/\/gamberetti.com.co\/en\/product\/santo-domingo-shorts\/\" class=\"woocommerce-LoopProduct-link woocommerce-loop-product__link\"><div class=\"tp-image-wrapper\"><img decoding=\"async\" class=\"tp-image\" src=\"https:\/\/gamberetti.com.co\/wp-content\/uploads\/2022\/01\/DSC05909.jpg\" srcset=\"\" sizes=\"(max-width: 360px) 100vw, 360px\" alt=\"Santo Domingo Shorts\"><img decoding=\"async\" class=\"tp-image-hover\" src=\"https:\/\/gamberetti.com.co\/wp-content\/uploads\/2022\/01\/DSC05906.jpg\" srcset=\"\" sizes=\"(max-width: 360px) 100vw, 360px\" alt=\"Santo Domingo Shorts\"><\/div><h2 class=\"woocommerce-loop-product__title\">Santo Domingo Shorts<\/h2>\n\t<span class=\"price\"><span class=\"woocommerce-Price-amount amount\"><bdi><span class=\"woocommerce-Price-currencySymbol\">&#36;<\/span>&nbsp;95.000<\/bdi><\/span><\/span>\n<\/a><a title=\"Select options for \u201cSanto Domingo Shorts\u201d\" href=\"https:\/\/gamberetti.com.co\/en\/product\/santo-domingo-shorts\/\" data-quantity=\"1\" class=\"button product_type_variable add_to_cart_button\" data-product_id=\"2615\" data-product_sku=\"\" aria-label=\"Select options for \u201cSanto Domingo Shorts\u201d\" aria-describedby=\"This product has multiple variants. The options may be chosen on the product page\" rel=\"nofollow\" data-no-translation=\"\" data-trp-gettext=\"\" data-no-translation-title=\"\" data-no-translation-aria-label=\"\" data-no-translation-aria-describedby=\"\">Select options<\/a><\/li>\n<li class=\"product type-product post-2059 status-publish instock product_cat-epoca product_cat-blusas-camisas has-post-thumbnail shipping-taxable purchasable product-type-variable has-gallery-images woo-variation-gallery-product\">\n\t<a href=\"https:\/\/gamberetti.com.co\/en\/product\/blusa-santo-domingo\/\" class=\"woocommerce-LoopProduct-link woocommerce-loop-product__link\"><div class=\"tp-image-wrapper\"><img decoding=\"async\" class=\"tp-image\" src=\"https:\/\/gamberetti.com.co\/wp-content\/uploads\/2021\/12\/IMG_6177-scaled.jpg\" srcset=\"\" sizes=\"(max-width: 360px) 100vw, 360px\" alt=\"Blusa Santo Domingo\"><img decoding=\"async\" class=\"tp-image-hover\" src=\"https:\/\/gamberetti.com.co\/wp-content\/uploads\/2021\/12\/3FEF18C8-F6D2-455D-96FB-1F80AA76E74F-scaled.jpg\" srcset=\"\" sizes=\"(max-width: 360px) 100vw, 360px\" alt=\"Blusa Santo Domingo\"><\/div><h2 class=\"woocommerce-loop-product__title\">Santo Domingo Blouse<\/h2>\n\t<span class=\"price\"><span class=\"woocommerce-Price-amount amount\"><bdi><span class=\"woocommerce-Price-currencySymbol\">&#36;<\/span>&nbsp;130.000<\/bdi><\/span><\/span>\n<\/a><a title=\"Select options for \u201cBlusa Santo Domingo\u201d\" href=\"https:\/\/gamberetti.com.co\/en\/product\/blusa-santo-domingo\/\" data-quantity=\"1\" class=\"button product_type_variable add_to_cart_button\" data-product_id=\"2059\" data-product_sku=\"\" aria-label=\"Select options for \u201cBlusa Santo Domingo\u201d\" aria-describedby=\"This product has multiple variants. The options may be chosen on the product page\" rel=\"nofollow\" data-no-translation=\"\" data-trp-gettext=\"\" data-no-translation-title=\"\" data-no-translation-aria-label=\"\" data-no-translation-aria-describedby=\"\">Select options<\/a><\/li>\n<li class=\"product type-product post-2050 status-publish last instock product_cat-croptops product_cat-epoca has-post-thumbnail shipping-taxable purchasable product-type-variable has-default-attributes has-gallery-images woo-variation-gallery-product\">\n\t<a href=\"https:\/\/gamberetti.com.co\/en\/product\/trinidad-top\/\" class=\"woocommerce-LoopProduct-link woocommerce-loop-product__link\"><div class=\"tp-image-wrapper\"><img decoding=\"async\" class=\"tp-image\" src=\"https:\/\/gamberetti.com.co\/wp-content\/uploads\/2021\/12\/DSC05888-scaled.jpg\" srcset=\"\" sizes=\"(max-width: 360px) 100vw, 360px\" alt=\"Trinidad top\"><img decoding=\"async\" class=\"tp-image-hover\" src=\"https:\/\/gamberetti.com.co\/wp-content\/uploads\/2021\/12\/DSC05718-scaled.jpg\" srcset=\"\" sizes=\"(max-width: 360px) 100vw, 360px\" alt=\"Trinidad top\"><\/div><h2 class=\"woocommerce-loop-product__title\">Trinidad top<\/h2>\n\t<span class=\"price\"><span class=\"woocommerce-Price-amount amount\"><bdi><span class=\"woocommerce-Price-currencySymbol\">&#36;<\/span>&nbsp;80.000<\/bdi><\/span><\/span>\n<\/a><a title=\"Select options for \u201cTrinidad top\u201d\" href=\"https:\/\/gamberetti.com.co\/en\/product\/trinidad-top\/\" data-quantity=\"1\" class=\"button product_type_variable add_to_cart_button\" data-product_id=\"2050\" data-product_sku=\"\" aria-label=\"Select options for \u201cTrinidad top\u201d\" aria-describedby=\"This product has multiple variants. The options may be chosen on the product page\" rel=\"nofollow\" data-no-translation=\"\" data-trp-gettext=\"\" data-no-translation-title=\"\" data-no-translation-aria-label=\"\" data-no-translation-aria-describedby=\"\">Select options<\/a><\/li>\n<li class=\"product type-product post-2043 status-publish first instock product_cat-croptops product_cat-epoca has-post-thumbnail shipping-taxable purchasable product-type-variable woo-variation-gallery-product\">\n\t<a href=\"https:\/\/gamberetti.com.co\/en\/product\/epoca-top\/\" class=\"woocommerce-LoopProduct-link woocommerce-loop-product__link\"><div class=\"tp-image-wrapper\"><img decoding=\"async\" class=\"image\" src=\"https:\/\/gamberetti.com.co\/wp-content\/uploads\/2021\/12\/DSC06502-scaled.jpg\" srcset=\"\" sizes=\"(max-width: 360px) 100vw, 360px\" alt=\"\u00c9poca top\"><\/div><h2 class=\"woocommerce-loop-product__title\">\u00c9poca top<\/h2>\n\t<span class=\"price\"><span class=\"woocommerce-Price-amount amount\"><bdi><span class=\"woocommerce-Price-currencySymbol\">&#36;<\/span>&nbsp;125.000<\/bdi><\/span><\/span>\n<\/a><a title=\"Select options for \u201c\u00c9poca top\u201d\" href=\"https:\/\/gamberetti.com.co\/en\/product\/epoca-top\/\" data-quantity=\"1\" class=\"button product_type_variable add_to_cart_button\" data-product_id=\"2043\" data-product_sku=\"\" aria-label=\"Select options for \u201c\u00c9poca top\u201d\" aria-describedby=\"This product has multiple variants. The options may be chosen on the product page\" rel=\"nofollow\" data-no-translation=\"\" data-trp-gettext=\"\" data-no-translation-title=\"\" data-no-translation-aria-label=\"\" data-no-translation-aria-describedby=\"\">Select options<\/a><\/li>\n<li class=\"product type-product post-1996 status-publish instock product_cat-epoca product_cat-croptops has-post-thumbnail shipping-taxable purchasable product-type-variable has-default-attributes has-gallery-images woo-variation-gallery-product\">\n\t<a href=\"https:\/\/gamberetti.com.co\/en\/product\/amelia-top\/\" class=\"woocommerce-LoopProduct-link woocommerce-loop-product__link\"><div class=\"tp-image-wrapper\"><img decoding=\"async\" class=\"tp-image\" src=\"https:\/\/gamberetti.com.co\/wp-content\/uploads\/2021\/12\/IMG_5667-scaled.jpg\" srcset=\"\" sizes=\"(max-width: 360px) 100vw, 360px\" alt=\"Amelia Top\"><img decoding=\"async\" class=\"tp-image-hover\" src=\"https:\/\/gamberetti.com.co\/wp-content\/uploads\/2021\/12\/IMG_6031-scaled.jpg\" srcset=\"\" sizes=\"(max-width: 360px) 100vw, 360px\" alt=\"Amelia Top\"><\/div><h2 class=\"woocommerce-loop-product__title\">Amelia Top<\/h2>\n\t<span class=\"price\"><span class=\"woocommerce-Price-amount amount\"><bdi><span class=\"woocommerce-Price-currencySymbol\">&#36;<\/span>&nbsp;85.000<\/bdi><\/span><\/span>\n<\/a><a title=\"Select options for \u201cAmelia Top\u201d\" href=\"https:\/\/gamberetti.com.co\/en\/product\/amelia-top\/\" data-quantity=\"1\" class=\"button product_type_variable add_to_cart_button\" data-product_id=\"1996\" data-product_sku=\"\" aria-label=\"Select options for \u201cAmelia Top\u201d\" aria-describedby=\"This product has multiple variants. The options may be chosen on the product page\" rel=\"nofollow\" data-no-translation=\"\" data-trp-gettext=\"\" data-no-translation-title=\"\" data-no-translation-aria-label=\"\" data-no-translation-aria-describedby=\"\">Select options<\/a><\/li>\n<li class=\"product type-product post-1917 status-publish last outofstock product_cat-anecdota product_cat-epoca product_cat-favoritos product_cat-pantalones has-post-thumbnail shipping-taxable purchasable product-type-variable has-default-attributes has-gallery-images woo-variation-gallery-product\">\n\t<a href=\"https:\/\/gamberetti.com.co\/en\/product\/linen-pareo-pants\/\" class=\"woocommerce-LoopProduct-link woocommerce-loop-product__link\"><div class=\"tp-image-wrapper\"><img decoding=\"async\" class=\"tp-image\" src=\"https:\/\/gamberetti.com.co\/wp-content\/uploads\/2021\/12\/DSC07946-scaled.jpg\" srcset=\"\" sizes=\"(max-width: 360px) 100vw, 360px\" alt=\"Pantal\u00f3n Pareo (Lino)\"><img decoding=\"async\" class=\"tp-image-hover\" src=\"https:\/\/gamberetti.com.co\/wp-content\/uploads\/2021\/12\/DSC07946-scaled.jpg\" srcset=\"\" sizes=\"(max-width: 360px) 100vw, 360px\" alt=\"Pantal\u00f3n Pareo (Lino)\"><\/div><h2 class=\"woocommerce-loop-product__title\">Linen Pareo Pants<\/h2>\n\t<span class=\"price\"><span class=\"woocommerce-Price-amount amount\"><bdi><span class=\"woocommerce-Price-currencySymbol\">&#36;<\/span>&nbsp;135.000<\/bdi><\/span><\/span>\n<\/a><a title=\"Select options for \u201cPantal\u00f3n Pareo (Lino)\u201d\" href=\"https:\/\/gamberetti.com.co\/en\/product\/linen-pareo-pants\/\" data-quantity=\"1\" class=\"button product_type_variable\" data-product_id=\"1917\" data-product_sku=\"\" aria-label=\"Select options for \u201cPantal\u00f3n Pareo (Lino)\u201d\" aria-describedby=\"This product has multiple variants. The options may be chosen on the product page\" rel=\"nofollow\" data-no-translation=\"\" data-trp-gettext=\"\" data-no-translation-title=\"\" data-no-translation-aria-label=\"\" data-no-translation-aria-describedby=\"\">Select options<\/a><\/li>\n<li class=\"product type-product post-1900 status-publish first instock product_cat-epoca product_cat-favoritos product_cat-pantalones has-post-thumbnail shipping-taxable purchasable product-type-variable has-default-attributes has-gallery-images woo-variation-gallery-product\">\n\t<a href=\"https:\/\/gamberetti.com.co\/en\/product\/basic-pareo-pants\/\" class=\"woocommerce-LoopProduct-link woocommerce-loop-product__link\"><div class=\"tp-image-wrapper\"><img decoding=\"async\" class=\"tp-image\" src=\"https:\/\/gamberetti.com.co\/wp-content\/uploads\/2021\/12\/DSC08321-scaled.jpg\" srcset=\"\" sizes=\"(max-width: 360px) 100vw, 360px\" alt=\"Pantal\u00f3n Pareo B\u00e1sicos\"><img decoding=\"async\" class=\"tp-image-hover\" src=\"https:\/\/gamberetti.com.co\/wp-content\/uploads\/2021\/12\/DSC08438-scaled.jpg\" srcset=\"\" sizes=\"(max-width: 360px) 100vw, 360px\" alt=\"Pantal\u00f3n Pareo B\u00e1sicos\"><\/div><h2 class=\"woocommerce-loop-product__title\">Basic Pareo Pants<\/h2>\n\t<span class=\"price\"><span class=\"woocommerce-Price-amount amount\"><bdi><span class=\"woocommerce-Price-currencySymbol\">&#36;<\/span>&nbsp;170.000<\/bdi><\/span><\/span>\n<\/a><a title=\"Select options for \u201cPantal\u00f3n Pareo B\u00e1sicos\u201d\" href=\"https:\/\/gamberetti.com.co\/en\/product\/basic-pareo-pants\/\" data-quantity=\"1\" class=\"button product_type_variable add_to_cart_button\" data-product_id=\"1900\" data-product_sku=\"\" aria-label=\"Select options for \u201cPantal\u00f3n Pareo B\u00e1sicos\u201d\" aria-describedby=\"This product has multiple variants. The options may be chosen on the product page\" rel=\"nofollow\" data-no-translation=\"\" data-trp-gettext=\"\" data-no-translation-title=\"\" data-no-translation-aria-label=\"\" data-no-translation-aria-describedby=\"\">Select options<\/a><\/li>\n<\/ul>\n<\/div>\t\t<\/div>\n\t\t\t\t<\/div>\n\t\t\t\t\t<\/div>\n\t\t<\/div>\n\t\t\t\t\t<\/div>\n\t\t<\/section>\n\t\t\t\t<\/div>","protected":false},"excerpt":{"rendered":"<p>Colecciones \/ \u00c9poca \u00c9poca La palabra \u00c9poca atrae recuerdos una vez pronunciada, pero m\u00e1s que recuerdos atrae historias pasadas, listas para ser contadas; historias de ciudades y de personas; historias [&hellip;]<\/p>","protected":false},"author":1,"featured_media":0,"parent":521,"menu_order":0,"comment_status":"closed","ping_status":"closed","template":"elementor_header_footer","meta":{"inline_featured_image":false,"footnotes":"","_joinchat":[]},"yoast_head":"<!-- This site is optimized with the Yoast SEO plugin v22.1 - https:\/\/yoast.com\/wordpress\/plugins\/seo\/ -->\n<title>\u00c9poca - Gamberetti<\/title>\n<meta name=\"robots\" content=\"index, follow, max-snippet:-1, max-image-preview:large, max-video-preview:-1\" \/>\n<link rel=\"canonical\" href=\"https:\/\/gamberetti.com.co\/en\/colecciones\/epoca\/\" \/>\n<meta property=\"og:locale\" content=\"en_US\" \/>\n<meta property=\"og:type\" content=\"article\" \/>\n<meta property=\"og:title\" content=\"\u00c9poca - Gamberetti\" \/>\n<meta property=\"og:description\" content=\"Colecciones \/ \u00c9poca \u00c9poca La palabra \u00c9poca atrae recuerdos una vez pronunciada, pero m\u00e1s que recuerdos atrae historias pasadas, listas para ser contadas; historias de ciudades y de personas; historias [&hellip;]\" \/>\n<meta property=\"og:url\" content=\"https:\/\/gamberetti.com.co\/en\/colecciones\/epoca\/\" \/>\n<meta property=\"og:site_name\" content=\"Gamberetti\" \/>\n<meta property=\"article:modified_time\" content=\"2022-10-24T22:56:41+00:00\" \/>\n<meta name=\"twitter:card\" content=\"summary_large_image\" \/>\n<meta name=\"twitter:label1\" content=\"Est. reading time\" \/>\n\t<meta name=\"twitter:data1\" content=\"1 minute\" \/>\n<script type=\"application\/ld+json\" class=\"yoast-schema-graph\">{\"@context\":\"https:\/\/schema.org\",\"@graph\":[{\"@type\":\"WebPage\",\"@id\":\"https:\/\/gamberetti.com.co\/colecciones\/epoca\/\",\"url\":\"https:\/\/gamberetti.com.co\/colecciones\/epoca\/\",\"name\":\"\u00c9poca - Gamberetti\",\"isPartOf\":{\"@id\":\"https:\/\/gamberetti.com.co\/#website\"},\"datePublished\":\"2021-11-26T16:16:15+00:00\",\"dateModified\":\"2022-10-24T22:56:41+00:00\",\"breadcrumb\":{\"@id\":\"https:\/\/gamberetti.com.co\/colecciones\/epoca\/#breadcrumb\"},\"inLanguage\":\"en-US\",\"potentialAction\":[{\"@type\":\"ReadAction\",\"target\":[\"https:\/\/gamberetti.com.co\/colecciones\/epoca\/\"]}]},{\"@type\":\"BreadcrumbList\",\"@id\":\"https:\/\/gamberetti.com.co\/colecciones\/epoca\/#breadcrumb\",\"itemListElement\":[{\"@type\":\"ListItem\",\"position\":1,\"name\":\"Portada\",\"item\":\"https:\/\/gamberetti.com.co\/\"},{\"@type\":\"ListItem\",\"position\":2,\"name\":\"Colecciones\",\"item\":\"https:\/\/gamberetti.com.co\/colecciones\/\"},{\"@type\":\"ListItem\",\"position\":3,\"name\":\"\u00c9poca\"}]},{\"@type\":\"WebSite\",\"@id\":\"https:\/\/gamberetti.com.co\/#website\",\"url\":\"https:\/\/gamberetti.com.co\/\",\"name\":\"Gamberetti\",\"description\":\"Caribbean Wear\",\"publisher\":{\"@id\":\"https:\/\/gamberetti.com.co\/#organization\"},\"potentialAction\":[{\"@type\":\"SearchAction\",\"target\":{\"@type\":\"EntryPoint\",\"urlTemplate\":\"https:\/\/gamberetti.com.co\/?s={search_term_string}\"},\"query-input\":\"required name=search_term_string\"}],\"inLanguage\":\"en-US\"},{\"@type\":\"Organization\",\"@id\":\"https:\/\/gamberetti.com.co\/#organization\",\"name\":\"Gamberetti\",\"url\":\"https:\/\/gamberetti.com.co\/\",\"logo\":{\"@type\":\"ImageObject\",\"inLanguage\":\"en-US\",\"@id\":\"https:\/\/gamberetti.com.co\/#\/schema\/logo\/image\/\",\"url\":\"https:\/\/gamberetti.com.co\/wp-content\/uploads\/2023\/01\/logo.png\",\"contentUrl\":\"https:\/\/gamberetti.com.co\/wp-content\/uploads\/2023\/01\/logo.png\",\"width\":506,\"height\":234,\"caption\":\"Gamberetti\"},\"image\":{\"@id\":\"https:\/\/gamberetti.com.co\/#\/schema\/logo\/image\/\"}}]}<\/script>\n<!-- \/ Yoast SEO plugin. -->","yoast_head_json":{"title":"\u00c9poca - Gamberetti","robots":{"index":"index","follow":"follow","max-snippet":"max-snippet:-1","max-image-preview":"max-image-preview:large","max-video-preview":"max-video-preview:-1"},"canonical":"https:\/\/gamberetti.com.co\/en\/colecciones\/epoca\/","og_locale":"en_US","og_type":"article","og_title":"\u00c9poca - Gamberetti","og_description":"Colecciones \/ \u00c9poca \u00c9poca La palabra \u00c9poca atrae recuerdos una vez pronunciada, pero m\u00e1s que recuerdos atrae historias pasadas, listas para ser contadas; historias de ciudades y de personas; historias [&hellip;]","og_url":"https:\/\/gamberetti.com.co\/en\/colecciones\/epoca\/","og_site_name":"Gamberetti","article_modified_time":"2022-10-24T22:56:41+00:00","twitter_card":"summary_large_image","twitter_misc":{"Est. reading time":"1 minute"},"schema":{"@context":"https:\/\/schema.org","@graph":[{"@type":"WebPage","@id":"https:\/\/gamberetti.com.co\/colecciones\/epoca\/","url":"https:\/\/gamberetti.com.co\/colecciones\/epoca\/","name":"\u00c9poca - Gamberetti","isPartOf":{"@id":"https:\/\/gamberetti.com.co\/#website"},"datePublished":"2021-11-26T16:16:15+00:00","dateModified":"2022-10-24T22:56:41+00:00","breadcrumb":{"@id":"https:\/\/gamberetti.com.co\/colecciones\/epoca\/#breadcrumb"},"inLanguage":"en-US","potentialAction":[{"@type":"ReadAction","target":["https:\/\/gamberetti.com.co\/colecciones\/epoca\/"]}]},{"@type":"BreadcrumbList","@id":"https:\/\/gamberetti.com.co\/colecciones\/epoca\/#breadcrumb","itemListElement":[{"@type":"ListItem","position":1,"name":"Portada","item":"https:\/\/gamberetti.com.co\/"},{"@type":"ListItem","position":2,"name":"Colecciones","item":"https:\/\/gamberetti.com.co\/colecciones\/"},{"@type":"ListItem","position":3,"name":"\u00c9poca"}]},{"@type":"WebSite","@id":"https:\/\/gamberetti.com.co\/#website","url":"https:\/\/gamberetti.com.co\/","name":"Gamberetti","description":"Caribbean Wear","publisher":{"@id":"https:\/\/gamberetti.com.co\/#organization"},"potentialAction":[{"@type":"SearchAction","target":{"@type":"EntryPoint","urlTemplate":"https:\/\/gamberetti.com.co\/?s={search_term_string}"},"query-input":"required name=search_term_string"}],"inLanguage":"en-US"},{"@type":"Organization","@id":"https:\/\/gamberetti.com.co\/#organization","name":"Gamberetti","url":"https:\/\/gamberetti.com.co\/","logo":{"@type":"ImageObject","inLanguage":"en-US","@id":"https:\/\/gamberetti.com.co\/#\/schema\/logo\/image\/","url":"https:\/\/gamberetti.com.co\/wp-content\/uploads\/2023\/01\/logo.png","contentUrl":"https:\/\/gamberetti.com.co\/wp-content\/uploads\/2023\/01\/logo.png","width":506,"height":234,"caption":"Gamberetti"},"image":{"@id":"https:\/\/gamberetti.com.co\/#\/schema\/logo\/image\/"}}]}},"_links":{"self":[{"href":"https:\/\/gamberetti.com.co\/en\/wp-json\/wp\/v2\/pages\/1075"}],"collection":[{"href":"https:\/\/gamberetti.com.co\/en\/wp-json\/wp\/v2\/pages"}],"about":[{"href":"https:\/\/gamberetti.com.co\/en\/wp-json\/wp\/v2\/types\/page"}],"author":[{"embeddable":true,"href":"https:\/\/gamberetti.com.co\/en\/wp-json\/wp\/v2\/users\/1"}],"replies":[{"embeddable":true,"href":"https:\/\/gamberetti.com.co\/en\/wp-json\/wp\/v2\/comments?post=1075"}],"version-history":[{"count":34,"href":"https:\/\/gamberetti.com.co\/en\/wp-json\/wp\/v2\/pages\/1075\/revisions"}],"predecessor-version":[{"id":3680,"href":"https:\/\/gamberetti.com.co\/en\/wp-json\/wp\/v2\/pages\/1075\/revisions\/3680"}],"up":[{"embeddable":true,"href":"https:\/\/gamberetti.com.co\/en\/wp-json\/wp\/v2\/pages\/521"}],"wp:attachment":[{"href":"https:\/\/gamberetti.com.co\/en\/wp-json\/wp\/v2\/media?parent=1075"}],"curies":[{"name":"wp","href":"https:\/\/api.w.org\/{rel}","templated":true}]}}