{"id":2238,"date":"2021-12-11T23:14:47","date_gmt":"2021-12-11T23:14:47","guid":{"rendered":"https:\/\/gamberetti.com.co\/?page_id=2238"},"modified":"2022-09-27T18:12:30","modified_gmt":"2022-09-27T18:12:30","slug":"nuestra-historia","status":"publish","type":"page","link":"https:\/\/gamberetti.com.co\/en\/nuestra-historia\/","title":{"rendered":"Nuestra Historia"},"content":{"rendered":"<div data-elementor-type=\"wp-page\" data-elementor-id=\"2238\" class=\"elementor elementor-2238\" data-elementor-post-type=\"page\">\n\t\t\t\t\t\t<section class=\"elementor-section elementor-top-section elementor-element elementor-element-2391598 elementor-section-full_width elementor-section-content-middle elementor-section-height-default elementor-section-height-default\" data-id=\"2391598\" data-element_type=\"section\">\n\t\t\t\t\t\t<div class=\"elementor-container elementor-column-gap-wider\">\n\t\t\t\t\t<div class=\"elementor-column elementor-col-50 elementor-top-column elementor-element elementor-element-1f62a0a\" data-id=\"1f62a0a\" data-element_type=\"column\">\n\t\t\t<div class=\"elementor-widget-wrap elementor-element-populated\">\n\t\t\t\t\t\t<div class=\"elementor-element elementor-element-be6b579 elementor-widget elementor-widget-image\" data-id=\"be6b579\" data-element_type=\"widget\" data-widget_type=\"image.default\">\n\t\t\t\t<div class=\"elementor-widget-container\">\n\t\t\t<style>\/*! elementor - v3.19.0 - 07-02-2024 *\/\n.elementor-widget-image{text-align:center}.elementor-widget-image a{display:inline-block}.elementor-widget-image a img[src$=\".svg\"]{width:48px}.elementor-widget-image img{vertical-align:middle;display:inline-block}<\/style>\t\t\t\t\t\t\t\t\t\t<img fetchpriority=\"high\" decoding=\"async\" width=\"1510\" height=\"2100\" src=\"https:\/\/gamberetti.com.co\/wp-content\/uploads\/2022\/09\/Gamberetti0032-1.jpg\" class=\"attachment-full size-full wp-image-3287\" alt=\"\" \/>\t\t\t\t\t\t\t\t\t\t\t\t\t<\/div>\n\t\t\t\t<\/div>\n\t\t\t\t\t<\/div>\n\t\t<\/div>\n\t\t\t\t<div class=\"elementor-column elementor-col-50 elementor-top-column elementor-element elementor-element-89c4ed6\" data-id=\"89c4ed6\" data-element_type=\"column\">\n\t\t\t<div class=\"elementor-widget-wrap elementor-element-populated\">\n\t\t\t\t\t\t<div class=\"elementor-element elementor-element-b412304 elementor-widget elementor-widget-heading\" data-id=\"b412304\" data-element_type=\"widget\" data-widget_type=\"heading.default\">\n\t\t\t\t<div class=\"elementor-widget-container\">\n\t\t\t<style>\/*! elementor - v3.19.0 - 07-02-2024 *\/\n.elementor-heading-title{padding:0;margin:0;line-height:1}.elementor-widget-heading .elementor-heading-title[class*=elementor-size-]>a{color:inherit;font-size:inherit;line-height:inherit}.elementor-widget-heading .elementor-heading-title.elementor-size-small{font-size:15px}.elementor-widget-heading .elementor-heading-title.elementor-size-medium{font-size:19px}.elementor-widget-heading .elementor-heading-title.elementor-size-large{font-size:29px}.elementor-widget-heading .elementor-heading-title.elementor-size-xl{font-size:39px}.elementor-widget-heading .elementor-heading-title.elementor-size-xxl{font-size:59px}<\/style><h1 class=\"elementor-heading-title elementor-size-default\">OUR HISTORY<\/h1>\t\t<\/div>\n\t\t\t\t<\/div>\n\t\t\t\t<div class=\"elementor-element elementor-element-72f84f2 elementor-widget elementor-widget-text-editor\" data-id=\"72f84f2\" data-element_type=\"widget\" data-widget_type=\"text-editor.default\">\n\t\t\t\t<div class=\"elementor-widget-container\">\n\t\t\t<style>\/*! elementor - v3.19.0 - 07-02-2024 *\/\n.elementor-widget-text-editor.elementor-drop-cap-view-stacked .elementor-drop-cap{background-color:#69727d;color:#fff}.elementor-widget-text-editor.elementor-drop-cap-view-framed .elementor-drop-cap{color:#69727d;border:3px solid;background-color:transparent}.elementor-widget-text-editor:not(.elementor-drop-cap-view-default) .elementor-drop-cap{margin-top:8px}.elementor-widget-text-editor:not(.elementor-drop-cap-view-default) .elementor-drop-cap-letter{width:1em;height:1em}.elementor-widget-text-editor .elementor-drop-cap{float:left;text-align:center;line-height:1;font-size:50px}.elementor-widget-text-editor .elementor-drop-cap-letter{display:inline-block}<\/style>\t\t\t\tGamberetti Caribbean Wear is a Colombian brand specializing in resort wear that seeks to exalt feminine beauty through the design of versatile, comfortable, and timeless garments. The brand's main objective is to provide its clients with adjustable and transformable pieces that adapt to their silhouettes, generating confidence and security when dressing. Thus, with the use of technology in garments, textiles, supplies, and high-quality clothing, we ensure not only comfort but also the extension of the useful life of the garments, contributing to sustainable fashion.\t\t\t\t\t\t<\/div>\n\t\t\t\t<\/div>\n\t\t\t\t\t<\/div>\n\t\t<\/div>\n\t\t\t\t\t<\/div>\n\t\t<\/section>\n\t\t\t\t<\/div>","protected":false},"excerpt":{"rendered":"<p>NUESTRA HISTORIA Gamberetti Caribbean Wear es una marca colombiana especializada en resort wear que busca exaltar la belleza femenina por medio del dise\u00f1o de prendas vers\u00e1tiles, c\u00f3modas y atemporales. El [&hellip;]<\/p>","protected":false},"author":1,"featured_media":0,"parent":0,"menu_order":0,"comment_status":"closed","ping_status":"closed","template":"elementor_header_footer","meta":{"inline_featured_image":false,"footnotes":"","_joinchat":[]},"yoast_head":"<!-- This site is optimized with the Yoast SEO plugin v22.1 - https:\/\/yoast.com\/wordpress\/plugins\/seo\/ -->\n<title>Nuestra Historia - Gamberetti<\/title>\n<meta name=\"robots\" content=\"index, follow, max-snippet:-1, max-image-preview:large, max-video-preview:-1\" \/>\n<link rel=\"canonical\" href=\"https:\/\/gamberetti.com.co\/en\/nuestra-historia\/\" \/>\n<meta property=\"og:locale\" content=\"en_US\" \/>\n<meta property=\"og:type\" content=\"article\" \/>\n<meta property=\"og:title\" content=\"Nuestra Historia - Gamberetti\" \/>\n<meta property=\"og:description\" content=\"NUESTRA HISTORIA Gamberetti Caribbean Wear es una marca colombiana especializada en resort wear que busca exaltar la belleza femenina por medio del dise\u00f1o de prendas vers\u00e1tiles, c\u00f3modas y atemporales. El [&hellip;]\" \/>\n<meta property=\"og:url\" content=\"https:\/\/gamberetti.com.co\/en\/nuestra-historia\/\" \/>\n<meta property=\"og:site_name\" content=\"Gamberetti\" \/>\n<meta property=\"article:modified_time\" content=\"2022-09-27T18:12:30+00:00\" \/>\n<meta property=\"og:image\" content=\"https:\/\/gamberetti.com.co\/wp-content\/uploads\/2022\/09\/Gamberetti0032-1.jpg\" \/>\n<meta name=\"twitter:card\" content=\"summary_large_image\" \/>\n<meta name=\"twitter:label1\" content=\"Est. reading time\" \/>\n\t<meta name=\"twitter:data1\" content=\"1 minute\" \/>\n<script type=\"application\/ld+json\" class=\"yoast-schema-graph\">{\"@context\":\"https:\/\/schema.org\",\"@graph\":[{\"@type\":\"WebPage\",\"@id\":\"https:\/\/gamberetti.com.co\/nuestra-historia\/\",\"url\":\"https:\/\/gamberetti.com.co\/nuestra-historia\/\",\"name\":\"Nuestra Historia - Gamberetti\",\"isPartOf\":{\"@id\":\"https:\/\/gamberetti.com.co\/#website\"},\"datePublished\":\"2021-12-11T23:14:47+00:00\",\"dateModified\":\"2022-09-27T18:12:30+00:00\",\"breadcrumb\":{\"@id\":\"https:\/\/gamberetti.com.co\/nuestra-historia\/#breadcrumb\"},\"inLanguage\":\"en-US\",\"potentialAction\":[{\"@type\":\"ReadAction\",\"target\":[\"https:\/\/gamberetti.com.co\/nuestra-historia\/\"]}]},{\"@type\":\"BreadcrumbList\",\"@id\":\"https:\/\/gamberetti.com.co\/nuestra-historia\/#breadcrumb\",\"itemListElement\":[{\"@type\":\"ListItem\",\"position\":1,\"name\":\"Portada\",\"item\":\"https:\/\/gamberetti.com.co\/\"},{\"@type\":\"ListItem\",\"position\":2,\"name\":\"Nuestra Historia\"}]},{\"@type\":\"WebSite\",\"@id\":\"https:\/\/gamberetti.com.co\/#website\",\"url\":\"https:\/\/gamberetti.com.co\/\",\"name\":\"Gamberetti\",\"description\":\"Caribbean Wear\",\"publisher\":{\"@id\":\"https:\/\/gamberetti.com.co\/#organization\"},\"potentialAction\":[{\"@type\":\"SearchAction\",\"target\":{\"@type\":\"EntryPoint\",\"urlTemplate\":\"https:\/\/gamberetti.com.co\/?s={search_term_string}\"},\"query-input\":\"required name=search_term_string\"}],\"inLanguage\":\"en-US\"},{\"@type\":\"Organization\",\"@id\":\"https:\/\/gamberetti.com.co\/#organization\",\"name\":\"Gamberetti\",\"url\":\"https:\/\/gamberetti.com.co\/\",\"logo\":{\"@type\":\"ImageObject\",\"inLanguage\":\"en-US\",\"@id\":\"https:\/\/gamberetti.com.co\/#\/schema\/logo\/image\/\",\"url\":\"https:\/\/gamberetti.com.co\/wp-content\/uploads\/2023\/01\/logo.png\",\"contentUrl\":\"https:\/\/gamberetti.com.co\/wp-content\/uploads\/2023\/01\/logo.png\",\"width\":506,\"height\":234,\"caption\":\"Gamberetti\"},\"image\":{\"@id\":\"https:\/\/gamberetti.com.co\/#\/schema\/logo\/image\/\"}}]}<\/script>\n<!-- \/ Yoast SEO plugin. -->","yoast_head_json":{"title":"Nuestra Historia - Gamberetti","robots":{"index":"index","follow":"follow","max-snippet":"max-snippet:-1","max-image-preview":"max-image-preview:large","max-video-preview":"max-video-preview:-1"},"canonical":"https:\/\/gamberetti.com.co\/en\/nuestra-historia\/","og_locale":"en_US","og_type":"article","og_title":"Nuestra Historia - Gamberetti","og_description":"NUESTRA HISTORIA Gamberetti Caribbean Wear es una marca colombiana especializada en resort wear que busca exaltar la belleza femenina por medio del dise\u00f1o de prendas vers\u00e1tiles, c\u00f3modas y atemporales. El [&hellip;]","og_url":"https:\/\/gamberetti.com.co\/en\/nuestra-historia\/","og_site_name":"Gamberetti","article_modified_time":"2022-09-27T18:12:30+00:00","og_image":[{"url":"https:\/\/gamberetti.com.co\/wp-content\/uploads\/2022\/09\/Gamberetti0032-1.jpg"}],"twitter_card":"summary_large_image","twitter_misc":{"Est. reading time":"1 minute"},"schema":{"@context":"https:\/\/schema.org","@graph":[{"@type":"WebPage","@id":"https:\/\/gamberetti.com.co\/nuestra-historia\/","url":"https:\/\/gamberetti.com.co\/nuestra-historia\/","name":"Nuestra Historia - Gamberetti","isPartOf":{"@id":"https:\/\/gamberetti.com.co\/#website"},"datePublished":"2021-12-11T23:14:47+00:00","dateModified":"2022-09-27T18:12:30+00:00","breadcrumb":{"@id":"https:\/\/gamberetti.com.co\/nuestra-historia\/#breadcrumb"},"inLanguage":"en-US","potentialAction":[{"@type":"ReadAction","target":["https:\/\/gamberetti.com.co\/nuestra-historia\/"]}]},{"@type":"BreadcrumbList","@id":"https:\/\/gamberetti.com.co\/nuestra-historia\/#breadcrumb","itemListElement":[{"@type":"ListItem","position":1,"name":"Portada","item":"https:\/\/gamberetti.com.co\/"},{"@type":"ListItem","position":2,"name":"Nuestra Historia"}]},{"@type":"WebSite","@id":"https:\/\/gamberetti.com.co\/#website","url":"https:\/\/gamberetti.com.co\/","name":"Gamberetti","description":"Caribbean Wear","publisher":{"@id":"https:\/\/gamberetti.com.co\/#organization"},"potentialAction":[{"@type":"SearchAction","target":{"@type":"EntryPoint","urlTemplate":"https:\/\/gamberetti.com.co\/?s={search_term_string}"},"query-input":"required name=search_term_string"}],"inLanguage":"en-US"},{"@type":"Organization","@id":"https:\/\/gamberetti.com.co\/#organization","name":"Gamberetti","url":"https:\/\/gamberetti.com.co\/","logo":{"@type":"ImageObject","inLanguage":"en-US","@id":"https:\/\/gamberetti.com.co\/#\/schema\/logo\/image\/","url":"https:\/\/gamberetti.com.co\/wp-content\/uploads\/2023\/01\/logo.png","contentUrl":"https:\/\/gamberetti.com.co\/wp-content\/uploads\/2023\/01\/logo.png","width":506,"height":234,"caption":"Gamberetti"},"image":{"@id":"https:\/\/gamberetti.com.co\/#\/schema\/logo\/image\/"}}]}},"_links":{"self":[{"href":"https:\/\/gamberetti.com.co\/en\/wp-json\/wp\/v2\/pages\/2238"}],"collection":[{"href":"https:\/\/gamberetti.com.co\/en\/wp-json\/wp\/v2\/pages"}],"about":[{"href":"https:\/\/gamberetti.com.co\/en\/wp-json\/wp\/v2\/types\/page"}],"author":[{"embeddable":true,"href":"https:\/\/gamberetti.com.co\/en\/wp-json\/wp\/v2\/users\/1"}],"replies":[{"embeddable":true,"href":"https:\/\/gamberetti.com.co\/en\/wp-json\/wp\/v2\/comments?post=2238"}],"version-history":[{"count":23,"href":"https:\/\/gamberetti.com.co\/en\/wp-json\/wp\/v2\/pages\/2238\/revisions"}],"predecessor-version":[{"id":3295,"href":"https:\/\/gamberetti.com.co\/en\/wp-json\/wp\/v2\/pages\/2238\/revisions\/3295"}],"wp:attachment":[{"href":"https:\/\/gamberetti.com.co\/en\/wp-json\/wp\/v2\/media?parent=2238"}],"curies":[{"name":"wp","href":"https:\/\/api.w.org\/{rel}","templated":true}]}}