{"id":657,"date":"2021-11-22T05:44:55","date_gmt":"2021-11-22T05:44:55","guid":{"rendered":"https:\/\/gamberetti.com.co\/?page_id=657"},"modified":"2022-10-24T17:55:08","modified_gmt":"2022-10-24T22:55:08","slug":"color-sol","status":"publish","type":"page","link":"https:\/\/gamberetti.com.co\/en\/colecciones\/color-sol\/","title":{"rendered":"Color sol"},"content":{"rendered":"<div data-elementor-type=\"wp-page\" data-elementor-id=\"657\" class=\"elementor elementor-657\" data-elementor-post-type=\"page\">\n\t\t\t\t\t\t<section class=\"elementor-section elementor-top-section elementor-element elementor-element-f904ece elementor-section-full_width elementor-section-height-default elementor-section-height-default\" data-id=\"f904ece\" data-element_type=\"section\">\n\t\t\t\t\t\t<div class=\"elementor-container elementor-column-gap-default\">\n\t\t\t\t\t<div class=\"elementor-column elementor-col-100 elementor-top-column elementor-element elementor-element-7bedd0f\" data-id=\"7bedd0f\" data-element_type=\"column\">\n\t\t\t<div class=\"elementor-widget-wrap elementor-element-populated\">\n\t\t\t\t\t\t<div class=\"elementor-element elementor-element-56407b2 elementor-widget elementor-widget-text-editor\" data-id=\"56407b2\" data-element_type=\"widget\" data-widget_type=\"text-editor.default\">\n\t\t\t\t<div class=\"elementor-widget-container\">\n\t\t\t<style>\/*! elementor - v3.19.0 - 07-02-2024 *\/\n.elementor-widget-text-editor.elementor-drop-cap-view-stacked .elementor-drop-cap{background-color:#69727d;color:#fff}.elementor-widget-text-editor.elementor-drop-cap-view-framed .elementor-drop-cap{color:#69727d;border:3px solid;background-color:transparent}.elementor-widget-text-editor:not(.elementor-drop-cap-view-default) .elementor-drop-cap{margin-top:8px}.elementor-widget-text-editor:not(.elementor-drop-cap-view-default) .elementor-drop-cap-letter{width:1em;height:1em}.elementor-widget-text-editor .elementor-drop-cap{float:left;text-align:center;line-height:1;font-size:50px}.elementor-widget-text-editor .elementor-drop-cap-letter{display:inline-block}<\/style>\t\t\t\t<a href=\"https:\/\/gamberetti.com.co\/en\/colecciones\/\">Collections \/ Color Sol<\/a>\t\t\t\t\t\t<\/div>\n\t\t\t\t<\/div>\n\t\t\t\t\t<\/div>\n\t\t<\/div>\n\t\t\t\t\t<\/div>\n\t\t<\/section>\n\t\t\t\t<section class=\"elementor-section elementor-top-section elementor-element elementor-element-b5afb35 elementor-section-content-middle elementor-section-boxed elementor-section-height-default elementor-section-height-default\" data-id=\"b5afb35\" data-element_type=\"section\">\n\t\t\t\t\t\t<div class=\"elementor-container elementor-column-gap-default\">\n\t\t\t\t\t<div class=\"elementor-column elementor-col-50 elementor-top-column elementor-element elementor-element-3c946fa\" data-id=\"3c946fa\" data-element_type=\"column\">\n\t\t\t<div class=\"elementor-widget-wrap elementor-element-populated\">\n\t\t\t\t\t\t<div class=\"elementor-element elementor-element-9b554f5 elementor-widget elementor-widget-image\" data-id=\"9b554f5\" data-element_type=\"widget\" data-widget_type=\"image.default\">\n\t\t\t\t<div class=\"elementor-widget-container\">\n\t\t\t<style>\/*! elementor - v3.19.0 - 07-02-2024 *\/\n.elementor-widget-image{text-align:center}.elementor-widget-image a{display:inline-block}.elementor-widget-image a img[src$=\".svg\"]{width:48px}.elementor-widget-image img{vertical-align:middle;display:inline-block}<\/style>\t\t\t\t\t\t\t\t\t\t<img fetchpriority=\"high\" decoding=\"async\" width=\"683\" height=\"1024\" src=\"https:\/\/gamberetti.com.co\/wp-content\/uploads\/2021\/12\/Foto-color-sol-reemplazo-1.jpg\" class=\"attachment-large size-large wp-image-2560\" alt=\"\" \/>\t\t\t\t\t\t\t\t\t\t\t\t\t<\/div>\n\t\t\t\t<\/div>\n\t\t\t\t\t<\/div>\n\t\t<\/div>\n\t\t\t\t<div class=\"elementor-column elementor-col-50 elementor-top-column elementor-element elementor-element-9f398a2\" data-id=\"9f398a2\" data-element_type=\"column\">\n\t\t\t<div class=\"elementor-widget-wrap elementor-element-populated\">\n\t\t\t\t\t\t<div class=\"elementor-element elementor-element-2050925 elementor-widget elementor-widget-heading\" data-id=\"2050925\" data-element_type=\"widget\" data-widget_type=\"heading.default\">\n\t\t\t\t<div class=\"elementor-widget-container\">\n\t\t\t<style>\/*! elementor - v3.19.0 - 07-02-2024 *\/\n.elementor-heading-title{padding:0;margin:0;line-height:1}.elementor-widget-heading .elementor-heading-title[class*=elementor-size-]>a{color:inherit;font-size:inherit;line-height:inherit}.elementor-widget-heading .elementor-heading-title.elementor-size-small{font-size:15px}.elementor-widget-heading .elementor-heading-title.elementor-size-medium{font-size:19px}.elementor-widget-heading .elementor-heading-title.elementor-size-large{font-size:29px}.elementor-widget-heading .elementor-heading-title.elementor-size-xl{font-size:39px}.elementor-widget-heading .elementor-heading-title.elementor-size-xxl{font-size:59px}<\/style><h1 class=\"elementor-heading-title elementor-size-default\">Color Sol<\/h1>\t\t<\/div>\n\t\t\t\t<\/div>\n\t\t\t\t<div class=\"elementor-element elementor-element-762c727 elementor-widget elementor-widget-text-editor\" data-id=\"762c727\" data-element_type=\"widget\" data-widget_type=\"text-editor.default\">\n\t\t\t\t<div class=\"elementor-widget-container\">\n\t\t\t\t\t\t\t<p><span style=\"font-weight: 400;\">We take inspiration from the sun to create this collection. Vibrant and intense colors that allow you to illuminate your outfits. The sun symbolizes happiness and indicates the beginning of a new day, a unique opportunity to shine and vibrate high.\u00a0<\/span><\/p><p><span style=\"font-weight: 400;\">This collection invites all people to use cheerful and fun colors. To risk a little and get out of the conventional tones. It is an opportunity to stand out and be influential as the COLOR SUN.\u00a0<\/span><\/p><p><span style=\"font-weight: 400;\">As dark as the days might be, the sun always rises!\u00a0<\/span><\/p>\t\t\t\t\t\t<\/div>\n\t\t\t\t<\/div>\n\t\t\t\t\t<\/div>\n\t\t<\/div>\n\t\t\t\t\t<\/div>\n\t\t<\/section>\n\t\t\t\t<section class=\"elementor-section elementor-top-section elementor-element elementor-element-8dd6c1b elementor-section-boxed elementor-section-height-default elementor-section-height-default\" data-id=\"8dd6c1b\" data-element_type=\"section\">\n\t\t\t\t\t\t<div class=\"elementor-container elementor-column-gap-default\">\n\t\t\t\t\t<div class=\"elementor-column elementor-col-100 elementor-top-column elementor-element elementor-element-dcc2146\" data-id=\"dcc2146\" data-element_type=\"column\">\n\t\t\t<div class=\"elementor-widget-wrap elementor-element-populated\">\n\t\t\t\t\t\t<div class=\"elementor-element elementor-element-7a5fec5 elementor-grid-3 elementor-grid-tablet-3 elementor-grid-mobile-2 elementor-products-grid elementor-wc-products elementor-show-pagination-border-yes elementor-widget elementor-widget-woocommerce-products\" data-id=\"7a5fec5\" data-element_type=\"widget\" data-widget_type=\"woocommerce-products.default\">\n\t\t\t\t<div class=\"elementor-widget-container\">\n\t\t\t<link rel=\"stylesheet\" href=\"https:\/\/gamberetti.com.co\/wp-content\/plugins\/elementor-pro\/assets\/css\/widget-woocommerce.min.css\"><div class=\"woocommerce columns-3 product-grid\"><div class=\"woocommerce-notices-wrapper\"><\/div><div class=\"woocommerce-sorting-wrapper\"><div class=\"row\"><div class=\"col-md-6 col-6 botiga-sorting-left\"><div class=\"botiga-sorting-left-inner\"><\/div><\/div><div class=\"col-md-6 col-6 botiga-sorting-right\"><div class=\"botiga-sorting-right-inner\"><\/div><\/div><\/div><\/div><ul class=\"products elementor-grid columns-3\">\n<li class=\"product type-product post-1928 status-publish first instock product_cat-color-sol product_cat-pantalones has-post-thumbnail shipping-taxable purchasable product-type-variable has-default-attributes has-gallery-images woo-variation-gallery-product\">\n\t<a href=\"https:\/\/gamberetti.com.co\/en\/product\/indico-pants\/\" class=\"woocommerce-LoopProduct-link woocommerce-loop-product__link\"><div class=\"tp-image-wrapper\"><img decoding=\"async\" class=\"tp-image\" src=\"https:\/\/gamberetti.com.co\/wp-content\/uploads\/2021\/12\/IMG_6287-scaled.jpg\" srcset=\"\" sizes=\"(max-width: 360px) 100vw, 360px\" alt=\"Pantal\u00f3n \u00cdndico\"><img decoding=\"async\" class=\"tp-image-hover\" src=\"https:\/\/gamberetti.com.co\/wp-content\/uploads\/2021\/12\/IMG_6227-scaled.jpg\" srcset=\"\" sizes=\"(max-width: 360px) 100vw, 360px\" alt=\"Pantal\u00f3n \u00cdndico\"><\/div><h2 class=\"woocommerce-loop-product__title\">\u00cdndico Pants<\/h2>\n\t<span class=\"price\"><span class=\"woocommerce-Price-amount amount\"><bdi><span class=\"woocommerce-Price-currencySymbol\">&#36;<\/span>&nbsp;145.000<\/bdi><\/span><\/span>\n<\/a><a title=\"Select options for \u201cPantal\u00f3n \u00cdndico\u201d\" href=\"https:\/\/gamberetti.com.co\/en\/product\/indico-pants\/\" data-quantity=\"1\" class=\"button product_type_variable add_to_cart_button\" data-product_id=\"1928\" data-product_sku=\"\" aria-label=\"Select options for \u201cPantal\u00f3n \u00cdndico\u201d\" aria-describedby=\"This product has multiple variants. The options may be chosen on the product page\" rel=\"nofollow\" data-no-translation=\"\" data-trp-gettext=\"\" data-no-translation-title=\"\" data-no-translation-aria-label=\"\" data-no-translation-aria-describedby=\"\">Select options<\/a><\/li>\n<li class=\"product type-product post-2068 status-publish instock product_cat-anecdota product_cat-blusas-camisas product_cat-color-sol product_cat-favoritos has-post-thumbnail shipping-taxable purchasable product-type-variable has-default-attributes has-gallery-images woo-variation-gallery-product\">\n\t<a href=\"https:\/\/gamberetti.com.co\/en\/product\/camisa-san-pedro\/\" class=\"woocommerce-LoopProduct-link woocommerce-loop-product__link\"><div class=\"tp-image-wrapper\"><img decoding=\"async\" class=\"tp-image\" src=\"https:\/\/gamberetti.com.co\/wp-content\/uploads\/2021\/12\/IMG_1060-scaled.jpg\" srcset=\"\" sizes=\"(max-width: 360px) 100vw, 360px\" alt=\"Camisa San Pedro\"><img decoding=\"async\" class=\"tp-image-hover\" src=\"https:\/\/gamberetti.com.co\/wp-content\/uploads\/2021\/12\/IMG_2369-1-scaled.jpg\" srcset=\"\" sizes=\"(max-width: 360px) 100vw, 360px\" alt=\"Camisa San Pedro\"><\/div><h2 class=\"woocommerce-loop-product__title\">San Pedro Shirt<\/h2>\n\t<span class=\"price\"><span class=\"woocommerce-Price-amount amount\"><bdi><span class=\"woocommerce-Price-currencySymbol\">&#36;<\/span>&nbsp;135.000<\/bdi><\/span><\/span>\n<\/a><a title=\"Select options for \u201cCamisa San Pedro\u201d\" href=\"https:\/\/gamberetti.com.co\/en\/product\/camisa-san-pedro\/\" data-quantity=\"1\" class=\"button product_type_variable add_to_cart_button\" data-product_id=\"2068\" data-product_sku=\"\" aria-label=\"Select options for \u201cCamisa San Pedro\u201d\" aria-describedby=\"This product has multiple variants. The options may be chosen on the product page\" rel=\"nofollow\" data-no-translation=\"\" data-trp-gettext=\"\" data-no-translation-title=\"\" data-no-translation-aria-label=\"\" data-no-translation-aria-describedby=\"\">Select options<\/a><\/li>\n<li class=\"product type-product post-2125 status-publish last instock product_cat-anecdota product_cat-color-sol product_cat-shorts has-post-thumbnail shipping-taxable purchasable product-type-variable has-default-attributes has-gallery-images woo-variation-gallery-product\">\n\t<a href=\"https:\/\/gamberetti.com.co\/en\/product\/san-pedro-shorts\/\" class=\"woocommerce-LoopProduct-link woocommerce-loop-product__link\"><div class=\"tp-image-wrapper\"><img decoding=\"async\" class=\"tp-image\" src=\"https:\/\/gamberetti.com.co\/wp-content\/uploads\/2021\/12\/DSC07691-rotated.jpg\" srcset=\"\" sizes=\"(max-width: 360px) 100vw, 360px\" alt=\"San Pedro Shorts\"><img decoding=\"async\" class=\"tp-image-hover\" src=\"https:\/\/gamberetti.com.co\/wp-content\/uploads\/2021\/12\/IMG_6147-scaled.jpg\" srcset=\"\" sizes=\"(max-width: 360px) 100vw, 360px\" alt=\"San Pedro Shorts\"><\/div><h2 class=\"woocommerce-loop-product__title\">San Pedro Shorts<\/h2>\n\t<span class=\"price\"><span class=\"woocommerce-Price-amount amount\"><bdi><span class=\"woocommerce-Price-currencySymbol\">&#36;<\/span>&nbsp;110.000<\/bdi><\/span><\/span>\n<\/a><a title=\"Select options for \u201cSan Pedro Shorts\u201d\" href=\"https:\/\/gamberetti.com.co\/en\/product\/san-pedro-shorts\/\" data-quantity=\"1\" class=\"button product_type_variable add_to_cart_button\" data-product_id=\"2125\" data-product_sku=\"\" aria-label=\"Select options for \u201cSan Pedro Shorts\u201d\" aria-describedby=\"This product has multiple variants. The options may be chosen on the product page\" rel=\"nofollow\" data-no-translation=\"\" data-trp-gettext=\"\" data-no-translation-title=\"\" data-no-translation-aria-label=\"\" data-no-translation-aria-describedby=\"\">Select options<\/a><\/li>\n<li class=\"product type-product post-1954 status-publish first instock product_cat-anecdota product_cat-color-sol product_cat-pantalones has-post-thumbnail shipping-taxable purchasable product-type-variable has-default-attributes has-gallery-images woo-variation-gallery-product\">\n\t<a href=\"https:\/\/gamberetti.com.co\/en\/product\/marea-pants\/\" class=\"woocommerce-LoopProduct-link woocommerce-loop-product__link\"><div class=\"tp-image-wrapper\"><img decoding=\"async\" class=\"tp-image\" src=\"https:\/\/gamberetti.com.co\/wp-content\/uploads\/2021\/12\/DSC07525-scaled.jpg\" srcset=\"\" sizes=\"(max-width: 360px) 100vw, 360px\" alt=\"Pantal\u00f3n Marea\"><img decoding=\"async\" class=\"tp-image-hover\" src=\"https:\/\/gamberetti.com.co\/wp-content\/uploads\/2021\/12\/IMG_1041-scaled.jpg\" srcset=\"\" sizes=\"(max-width: 360px) 100vw, 360px\" alt=\"Pantal\u00f3n Marea\"><\/div><h2 class=\"woocommerce-loop-product__title\">Marea Pants<\/h2>\n\t<span class=\"price\"><span class=\"woocommerce-Price-amount amount\"><bdi><span class=\"woocommerce-Price-currencySymbol\">&#36;<\/span>&nbsp;165.000<\/bdi><\/span><\/span>\n<\/a><a title=\"Select options for \u201cPantal\u00f3n Marea\u201d\" href=\"https:\/\/gamberetti.com.co\/en\/product\/marea-pants\/\" data-quantity=\"1\" class=\"button product_type_variable add_to_cart_button\" data-product_id=\"1954\" data-product_sku=\"\" aria-label=\"Select options for \u201cPantal\u00f3n Marea\u201d\" aria-describedby=\"This product has multiple variants. The options may be chosen on the product page\" rel=\"nofollow\" data-no-translation=\"\" data-trp-gettext=\"\" data-no-translation-title=\"\" data-no-translation-aria-label=\"\" data-no-translation-aria-describedby=\"\">Select options<\/a><\/li>\n<li class=\"product type-product post-2136 status-publish instock product_cat-color-sol product_cat-shorts has-post-thumbnail shipping-taxable purchasable product-type-variable has-default-attributes has-gallery-images woo-variation-gallery-product\">\n\t<a href=\"https:\/\/gamberetti.com.co\/en\/product\/costera-shorts\/\" class=\"woocommerce-LoopProduct-link woocommerce-loop-product__link\"><div class=\"tp-image-wrapper\"><img decoding=\"async\" class=\"tp-image\" src=\"https:\/\/gamberetti.com.co\/wp-content\/uploads\/2021\/12\/IMG_5892-scaled.jpg\" srcset=\"\" sizes=\"(max-width: 360px) 100vw, 360px\" alt=\"Costera Shorts\"><img decoding=\"async\" class=\"tp-image-hover\" src=\"https:\/\/gamberetti.com.co\/wp-content\/uploads\/2021\/12\/IMG_5757-scaled.jpg\" srcset=\"\" sizes=\"(max-width: 360px) 100vw, 360px\" alt=\"Costera Shorts\"><\/div><h2 class=\"woocommerce-loop-product__title\">Costera Shorts<\/h2>\n\t<span class=\"price\"><span class=\"woocommerce-Price-amount amount\"><bdi><span class=\"woocommerce-Price-currencySymbol\">&#36;<\/span>&nbsp;95.000<\/bdi><\/span><\/span>\n<\/a><a title=\"Select options for \u201cCostera Shorts\u201d\" href=\"https:\/\/gamberetti.com.co\/en\/product\/costera-shorts\/\" data-quantity=\"1\" class=\"button product_type_variable add_to_cart_button\" data-product_id=\"2136\" data-product_sku=\"\" aria-label=\"Select options for \u201cCostera Shorts\u201d\" aria-describedby=\"This product has multiple variants. The options may be chosen on the product page\" rel=\"nofollow\" data-no-translation=\"\" data-trp-gettext=\"\" data-no-translation-title=\"\" data-no-translation-aria-label=\"\" data-no-translation-aria-describedby=\"\">Select options<\/a><\/li>\n<li class=\"product type-product post-2082 status-publish last instock product_cat-blusas-camisas product_cat-color-sol has-post-thumbnail shipping-taxable purchasable product-type-variable has-default-attributes has-gallery-images woo-variation-gallery-product\">\n\t<a href=\"https:\/\/gamberetti.com.co\/en\/product\/camisa-costera\/\" class=\"woocommerce-LoopProduct-link woocommerce-loop-product__link\"><div class=\"tp-image-wrapper\"><img decoding=\"async\" class=\"tp-image\" src=\"https:\/\/gamberetti.com.co\/wp-content\/uploads\/2021\/12\/IMG_5783-scaled.jpeg\" srcset=\"\" sizes=\"(max-width: 360px) 100vw, 360px\" alt=\"Camisa Costera\"><img decoding=\"async\" class=\"tp-image-hover\" src=\"https:\/\/gamberetti.com.co\/wp-content\/uploads\/2021\/12\/IMG_5501-1-scaled.jpg\" srcset=\"\" sizes=\"(max-width: 360px) 100vw, 360px\" alt=\"Camisa Costera\"><\/div><h2 class=\"woocommerce-loop-product__title\">Costera Shirt<\/h2>\n\t<span class=\"price\"><span class=\"woocommerce-Price-amount amount\"><bdi><span class=\"woocommerce-Price-currencySymbol\">&#36;<\/span>&nbsp;125.000<\/bdi><\/span><\/span>\n<\/a><a title=\"Select options for \u201cCamisa Costera\u201d\" href=\"https:\/\/gamberetti.com.co\/en\/product\/camisa-costera\/\" data-quantity=\"1\" class=\"button product_type_variable add_to_cart_button\" data-product_id=\"2082\" data-product_sku=\"\" aria-label=\"Select options for \u201cCamisa Costera\u201d\" aria-describedby=\"This product has multiple variants. The options may be chosen on the product page\" rel=\"nofollow\" data-no-translation=\"\" data-trp-gettext=\"\" data-no-translation-title=\"\" data-no-translation-aria-label=\"\" data-no-translation-aria-describedby=\"\">Select options<\/a><\/li>\n<\/ul>\n<\/div>\t\t<\/div>\n\t\t\t\t<\/div>\n\t\t\t\t\t<\/div>\n\t\t<\/div>\n\t\t\t\t\t<\/div>\n\t\t<\/section>\n\t\t\t\t<\/div>","protected":false},"excerpt":{"rendered":"<p>Colecciones \/ Color Sol Color Sol Del sol tomamos la inspiraci\u00f3n para crear esta colecci\u00f3n. Colores vibrantes e intensos que permiten iluminar tus atuendos. El sol es s\u00edmbolo de felicidad [&hellip;]<\/p>","protected":false},"author":1,"featured_media":0,"parent":521,"menu_order":0,"comment_status":"closed","ping_status":"closed","template":"elementor_header_footer","meta":{"inline_featured_image":false,"footnotes":"","_joinchat":[]},"yoast_head":"<!-- This site is optimized with the Yoast SEO plugin v22.1 - https:\/\/yoast.com\/wordpress\/plugins\/seo\/ -->\n<title>Color sol - Gamberetti<\/title>\n<meta name=\"robots\" content=\"index, follow, max-snippet:-1, max-image-preview:large, max-video-preview:-1\" \/>\n<link rel=\"canonical\" href=\"https:\/\/gamberetti.com.co\/en\/colecciones\/color-sol\/\" \/>\n<meta property=\"og:locale\" content=\"en_US\" \/>\n<meta property=\"og:type\" content=\"article\" \/>\n<meta property=\"og:title\" content=\"Color sol - Gamberetti\" \/>\n<meta property=\"og:description\" content=\"Colecciones \/ Color Sol Color Sol Del sol tomamos la inspiraci\u00f3n para crear esta colecci\u00f3n. Colores vibrantes e intensos que permiten iluminar tus atuendos. El sol es s\u00edmbolo de felicidad [&hellip;]\" \/>\n<meta property=\"og:url\" content=\"https:\/\/gamberetti.com.co\/en\/colecciones\/color-sol\/\" \/>\n<meta property=\"og:site_name\" content=\"Gamberetti\" \/>\n<meta property=\"article:modified_time\" content=\"2022-10-24T22:55:08+00:00\" \/>\n<meta property=\"og:image\" content=\"https:\/\/gamberetti.com.co\/wp-content\/uploads\/2021\/12\/Foto-color-sol-reemplazo-1.jpg\" \/>\n<meta name=\"twitter:card\" content=\"summary_large_image\" \/>\n<script type=\"application\/ld+json\" class=\"yoast-schema-graph\">{\"@context\":\"https:\/\/schema.org\",\"@graph\":[{\"@type\":\"WebPage\",\"@id\":\"https:\/\/gamberetti.com.co\/colecciones\/color-sol\/\",\"url\":\"https:\/\/gamberetti.com.co\/colecciones\/color-sol\/\",\"name\":\"Color sol - Gamberetti\",\"isPartOf\":{\"@id\":\"https:\/\/gamberetti.com.co\/#website\"},\"datePublished\":\"2021-11-22T05:44:55+00:00\",\"dateModified\":\"2022-10-24T22:55:08+00:00\",\"breadcrumb\":{\"@id\":\"https:\/\/gamberetti.com.co\/colecciones\/color-sol\/#breadcrumb\"},\"inLanguage\":\"en-US\",\"potentialAction\":[{\"@type\":\"ReadAction\",\"target\":[\"https:\/\/gamberetti.com.co\/colecciones\/color-sol\/\"]}]},{\"@type\":\"BreadcrumbList\",\"@id\":\"https:\/\/gamberetti.com.co\/colecciones\/color-sol\/#breadcrumb\",\"itemListElement\":[{\"@type\":\"ListItem\",\"position\":1,\"name\":\"Portada\",\"item\":\"https:\/\/gamberetti.com.co\/\"},{\"@type\":\"ListItem\",\"position\":2,\"name\":\"Colecciones\",\"item\":\"https:\/\/gamberetti.com.co\/colecciones\/\"},{\"@type\":\"ListItem\",\"position\":3,\"name\":\"Color sol\"}]},{\"@type\":\"WebSite\",\"@id\":\"https:\/\/gamberetti.com.co\/#website\",\"url\":\"https:\/\/gamberetti.com.co\/\",\"name\":\"Gamberetti\",\"description\":\"Caribbean Wear\",\"publisher\":{\"@id\":\"https:\/\/gamberetti.com.co\/#organization\"},\"potentialAction\":[{\"@type\":\"SearchAction\",\"target\":{\"@type\":\"EntryPoint\",\"urlTemplate\":\"https:\/\/gamberetti.com.co\/?s={search_term_string}\"},\"query-input\":\"required name=search_term_string\"}],\"inLanguage\":\"en-US\"},{\"@type\":\"Organization\",\"@id\":\"https:\/\/gamberetti.com.co\/#organization\",\"name\":\"Gamberetti\",\"url\":\"https:\/\/gamberetti.com.co\/\",\"logo\":{\"@type\":\"ImageObject\",\"inLanguage\":\"en-US\",\"@id\":\"https:\/\/gamberetti.com.co\/#\/schema\/logo\/image\/\",\"url\":\"https:\/\/gamberetti.com.co\/wp-content\/uploads\/2023\/01\/logo.png\",\"contentUrl\":\"https:\/\/gamberetti.com.co\/wp-content\/uploads\/2023\/01\/logo.png\",\"width\":506,\"height\":234,\"caption\":\"Gamberetti\"},\"image\":{\"@id\":\"https:\/\/gamberetti.com.co\/#\/schema\/logo\/image\/\"}}]}<\/script>\n<!-- \/ Yoast SEO plugin. -->","yoast_head_json":{"title":"Color sol - Gamberetti","robots":{"index":"index","follow":"follow","max-snippet":"max-snippet:-1","max-image-preview":"max-image-preview:large","max-video-preview":"max-video-preview:-1"},"canonical":"https:\/\/gamberetti.com.co\/en\/colecciones\/color-sol\/","og_locale":"en_US","og_type":"article","og_title":"Color sol - Gamberetti","og_description":"Colecciones \/ Color Sol Color Sol Del sol tomamos la inspiraci\u00f3n para crear esta colecci\u00f3n. Colores vibrantes e intensos que permiten iluminar tus atuendos. El sol es s\u00edmbolo de felicidad [&hellip;]","og_url":"https:\/\/gamberetti.com.co\/en\/colecciones\/color-sol\/","og_site_name":"Gamberetti","article_modified_time":"2022-10-24T22:55:08+00:00","og_image":[{"url":"https:\/\/gamberetti.com.co\/wp-content\/uploads\/2021\/12\/Foto-color-sol-reemplazo-1.jpg"}],"twitter_card":"summary_large_image","schema":{"@context":"https:\/\/schema.org","@graph":[{"@type":"WebPage","@id":"https:\/\/gamberetti.com.co\/colecciones\/color-sol\/","url":"https:\/\/gamberetti.com.co\/colecciones\/color-sol\/","name":"Color sol - Gamberetti","isPartOf":{"@id":"https:\/\/gamberetti.com.co\/#website"},"datePublished":"2021-11-22T05:44:55+00:00","dateModified":"2022-10-24T22:55:08+00:00","breadcrumb":{"@id":"https:\/\/gamberetti.com.co\/colecciones\/color-sol\/#breadcrumb"},"inLanguage":"en-US","potentialAction":[{"@type":"ReadAction","target":["https:\/\/gamberetti.com.co\/colecciones\/color-sol\/"]}]},{"@type":"BreadcrumbList","@id":"https:\/\/gamberetti.com.co\/colecciones\/color-sol\/#breadcrumb","itemListElement":[{"@type":"ListItem","position":1,"name":"Portada","item":"https:\/\/gamberetti.com.co\/"},{"@type":"ListItem","position":2,"name":"Colecciones","item":"https:\/\/gamberetti.com.co\/colecciones\/"},{"@type":"ListItem","position":3,"name":"Color sol"}]},{"@type":"WebSite","@id":"https:\/\/gamberetti.com.co\/#website","url":"https:\/\/gamberetti.com.co\/","name":"Gamberetti","description":"Caribbean Wear","publisher":{"@id":"https:\/\/gamberetti.com.co\/#organization"},"potentialAction":[{"@type":"SearchAction","target":{"@type":"EntryPoint","urlTemplate":"https:\/\/gamberetti.com.co\/?s={search_term_string}"},"query-input":"required name=search_term_string"}],"inLanguage":"en-US"},{"@type":"Organization","@id":"https:\/\/gamberetti.com.co\/#organization","name":"Gamberetti","url":"https:\/\/gamberetti.com.co\/","logo":{"@type":"ImageObject","inLanguage":"en-US","@id":"https:\/\/gamberetti.com.co\/#\/schema\/logo\/image\/","url":"https:\/\/gamberetti.com.co\/wp-content\/uploads\/2023\/01\/logo.png","contentUrl":"https:\/\/gamberetti.com.co\/wp-content\/uploads\/2023\/01\/logo.png","width":506,"height":234,"caption":"Gamberetti"},"image":{"@id":"https:\/\/gamberetti.com.co\/#\/schema\/logo\/image\/"}}]}},"_links":{"self":[{"href":"https:\/\/gamberetti.com.co\/en\/wp-json\/wp\/v2\/pages\/657"}],"collection":[{"href":"https:\/\/gamberetti.com.co\/en\/wp-json\/wp\/v2\/pages"}],"about":[{"href":"https:\/\/gamberetti.com.co\/en\/wp-json\/wp\/v2\/types\/page"}],"author":[{"embeddable":true,"href":"https:\/\/gamberetti.com.co\/en\/wp-json\/wp\/v2\/users\/1"}],"replies":[{"embeddable":true,"href":"https:\/\/gamberetti.com.co\/en\/wp-json\/wp\/v2\/comments?post=657"}],"version-history":[{"count":61,"href":"https:\/\/gamberetti.com.co\/en\/wp-json\/wp\/v2\/pages\/657\/revisions"}],"predecessor-version":[{"id":3677,"href":"https:\/\/gamberetti.com.co\/en\/wp-json\/wp\/v2\/pages\/657\/revisions\/3677"}],"up":[{"embeddable":true,"href":"https:\/\/gamberetti.com.co\/en\/wp-json\/wp\/v2\/pages\/521"}],"wp:attachment":[{"href":"https:\/\/gamberetti.com.co\/en\/wp-json\/wp\/v2\/media?parent=657"}],"curies":[{"name":"wp","href":"https:\/\/api.w.org\/{rel}","templated":true}]}}