{"id":2110,"date":"2021-12-09T07:04:40","date_gmt":"2021-12-09T07:04:40","guid":{"rendered":"https:\/\/gamberetti.com.co\/?post_type=product&#038;p=2110"},"modified":"2023-05-30T12:05:16","modified_gmt":"2023-05-30T17:05:16","slug":"enterizo-arena","status":"publish","type":"product","link":"https:\/\/gamberetti.com.co\/en\/product\/enterizo-arena\/","title":{"rendered":"Arena Jumpsuit"},"content":{"rendered":"<p>Linen jumpsuit with V neckline.<\/p>\n<p>Pre-order: 7-10 labour days to deliver.<\/p>","protected":false},"excerpt":{"rendered":"<p>Enterizo de lino, vers\u00e1til y f\u00e1cil de combinar para cualquier ocasi\u00f3n. Pre-orden: tiempo de entrega de 7-10 d\u00edas h\u00e1biles.<\/p>","protected":false},"featured_media":2111,"comment_status":"open","ping_status":"closed","template":"","meta":{"inline_featured_image":false,"_joinchat":[]},"product_cat":[73,35],"product_tag":[],"yoast_head":"<!-- This site is optimized with the Yoast SEO plugin v22.1 - https:\/\/yoast.com\/wordpress\/plugins\/seo\/ -->\n<title>Enterizo Arena - Gamberetti<\/title>\n<meta name=\"robots\" content=\"index, follow, max-snippet:-1, max-image-preview:large, max-video-preview:-1\" \/>\n<link rel=\"canonical\" href=\"https:\/\/gamberetti.com.co\/en\/product\/enterizo-arena\/\" \/>\n<meta property=\"og:locale\" content=\"en_US\" \/>\n<meta property=\"og:type\" content=\"article\" \/>\n<meta property=\"og:title\" content=\"Enterizo Arena - Gamberetti\" \/>\n<meta property=\"og:description\" content=\"Enterizo de lino, vers\u00e1til y f\u00e1cil de combinar para cualquier ocasi\u00f3n. Pre-orden: tiempo de entrega de 7-10 d\u00edas h\u00e1biles.\" \/>\n<meta property=\"og:url\" content=\"https:\/\/gamberetti.com.co\/en\/product\/enterizo-arena\/\" \/>\n<meta property=\"og:site_name\" content=\"Gamberetti\" \/>\n<meta property=\"article:modified_time\" content=\"2023-05-30T17:05:16+00:00\" \/>\n<meta property=\"og:image\" content=\"https:\/\/gamberetti.com.co\/wp-content\/uploads\/2021\/12\/IMG_1299-scaled.jpg\" \/>\n\t<meta property=\"og:image:width\" content=\"1920\" \/>\n\t<meta property=\"og:image:height\" content=\"2560\" \/>\n\t<meta property=\"og:image:type\" content=\"image\/jpeg\" \/>\n<meta name=\"twitter:card\" content=\"summary_large_image\" \/>\n<script type=\"application\/ld+json\" class=\"yoast-schema-graph\">{\"@context\":\"https:\/\/schema.org\",\"@graph\":[{\"@type\":\"WebPage\",\"@id\":\"https:\/\/gamberetti.com.co\/producto\/enterizo-arena\/\",\"url\":\"https:\/\/gamberetti.com.co\/producto\/enterizo-arena\/\",\"name\":\"Enterizo Arena - Gamberetti\",\"isPartOf\":{\"@id\":\"https:\/\/gamberetti.com.co\/#website\"},\"datePublished\":\"2021-12-09T07:04:40+00:00\",\"dateModified\":\"2023-05-30T17:05:16+00:00\",\"breadcrumb\":{\"@id\":\"https:\/\/gamberetti.com.co\/producto\/enterizo-arena\/#breadcrumb\"},\"inLanguage\":\"en-US\",\"potentialAction\":[{\"@type\":\"ReadAction\",\"target\":[\"https:\/\/gamberetti.com.co\/producto\/enterizo-arena\/\"]}]},{\"@type\":\"BreadcrumbList\",\"@id\":\"https:\/\/gamberetti.com.co\/producto\/enterizo-arena\/#breadcrumb\",\"itemListElement\":[{\"@type\":\"ListItem\",\"position\":1,\"name\":\"Portada\",\"item\":\"https:\/\/gamberetti.com.co\/\"},{\"@type\":\"ListItem\",\"position\":2,\"name\":\"Shop\",\"item\":\"https:\/\/gamberetti.com.co\/shop-page\/\"},{\"@type\":\"ListItem\",\"position\":3,\"name\":\"Enterizo Arena\"}]},{\"@type\":\"WebSite\",\"@id\":\"https:\/\/gamberetti.com.co\/#website\",\"url\":\"https:\/\/gamberetti.com.co\/\",\"name\":\"Gamberetti\",\"description\":\"Caribbean Wear\",\"publisher\":{\"@id\":\"https:\/\/gamberetti.com.co\/#organization\"},\"potentialAction\":[{\"@type\":\"SearchAction\",\"target\":{\"@type\":\"EntryPoint\",\"urlTemplate\":\"https:\/\/gamberetti.com.co\/?s={search_term_string}\"},\"query-input\":\"required name=search_term_string\"}],\"inLanguage\":\"en-US\"},{\"@type\":\"Organization\",\"@id\":\"https:\/\/gamberetti.com.co\/#organization\",\"name\":\"Gamberetti\",\"url\":\"https:\/\/gamberetti.com.co\/\",\"logo\":{\"@type\":\"ImageObject\",\"inLanguage\":\"en-US\",\"@id\":\"https:\/\/gamberetti.com.co\/#\/schema\/logo\/image\/\",\"url\":\"https:\/\/gamberetti.com.co\/wp-content\/uploads\/2023\/01\/logo.png\",\"contentUrl\":\"https:\/\/gamberetti.com.co\/wp-content\/uploads\/2023\/01\/logo.png\",\"width\":506,\"height\":234,\"caption\":\"Gamberetti\"},\"image\":{\"@id\":\"https:\/\/gamberetti.com.co\/#\/schema\/logo\/image\/\"}}]}<\/script>\n<!-- \/ Yoast SEO plugin. -->","yoast_head_json":{"title":"Enterizo Arena - Gamberetti","robots":{"index":"index","follow":"follow","max-snippet":"max-snippet:-1","max-image-preview":"max-image-preview:large","max-video-preview":"max-video-preview:-1"},"canonical":"https:\/\/gamberetti.com.co\/en\/product\/enterizo-arena\/","og_locale":"en_US","og_type":"article","og_title":"Enterizo Arena - Gamberetti","og_description":"Enterizo de lino, vers\u00e1til y f\u00e1cil de combinar para cualquier ocasi\u00f3n. Pre-orden: tiempo de entrega de 7-10 d\u00edas h\u00e1biles.","og_url":"https:\/\/gamberetti.com.co\/en\/product\/enterizo-arena\/","og_site_name":"Gamberetti","article_modified_time":"2023-05-30T17:05:16+00:00","og_image":[{"width":1920,"height":2560,"url":"https:\/\/gamberetti.com.co\/wp-content\/uploads\/2021\/12\/IMG_1299-scaled.jpg","type":"image\/jpeg"}],"twitter_card":"summary_large_image","schema":{"@context":"https:\/\/schema.org","@graph":[{"@type":"WebPage","@id":"https:\/\/gamberetti.com.co\/producto\/enterizo-arena\/","url":"https:\/\/gamberetti.com.co\/producto\/enterizo-arena\/","name":"Enterizo Arena - Gamberetti","isPartOf":{"@id":"https:\/\/gamberetti.com.co\/#website"},"datePublished":"2021-12-09T07:04:40+00:00","dateModified":"2023-05-30T17:05:16+00:00","breadcrumb":{"@id":"https:\/\/gamberetti.com.co\/producto\/enterizo-arena\/#breadcrumb"},"inLanguage":"en-US","potentialAction":[{"@type":"ReadAction","target":["https:\/\/gamberetti.com.co\/producto\/enterizo-arena\/"]}]},{"@type":"BreadcrumbList","@id":"https:\/\/gamberetti.com.co\/producto\/enterizo-arena\/#breadcrumb","itemListElement":[{"@type":"ListItem","position":1,"name":"Portada","item":"https:\/\/gamberetti.com.co\/"},{"@type":"ListItem","position":2,"name":"Shop","item":"https:\/\/gamberetti.com.co\/shop-page\/"},{"@type":"ListItem","position":3,"name":"Enterizo Arena"}]},{"@type":"WebSite","@id":"https:\/\/gamberetti.com.co\/#website","url":"https:\/\/gamberetti.com.co\/","name":"Gamberetti","description":"Caribbean Wear","publisher":{"@id":"https:\/\/gamberetti.com.co\/#organization"},"potentialAction":[{"@type":"SearchAction","target":{"@type":"EntryPoint","urlTemplate":"https:\/\/gamberetti.com.co\/?s={search_term_string}"},"query-input":"required name=search_term_string"}],"inLanguage":"en-US"},{"@type":"Organization","@id":"https:\/\/gamberetti.com.co\/#organization","name":"Gamberetti","url":"https:\/\/gamberetti.com.co\/","logo":{"@type":"ImageObject","inLanguage":"en-US","@id":"https:\/\/gamberetti.com.co\/#\/schema\/logo\/image\/","url":"https:\/\/gamberetti.com.co\/wp-content\/uploads\/2023\/01\/logo.png","contentUrl":"https:\/\/gamberetti.com.co\/wp-content\/uploads\/2023\/01\/logo.png","width":506,"height":234,"caption":"Gamberetti"},"image":{"@id":"https:\/\/gamberetti.com.co\/#\/schema\/logo\/image\/"}}]}},"_links":{"self":[{"href":"https:\/\/gamberetti.com.co\/en\/wp-json\/wp\/v2\/product\/2110"}],"collection":[{"href":"https:\/\/gamberetti.com.co\/en\/wp-json\/wp\/v2\/product"}],"about":[{"href":"https:\/\/gamberetti.com.co\/en\/wp-json\/wp\/v2\/types\/product"}],"replies":[{"embeddable":true,"href":"https:\/\/gamberetti.com.co\/en\/wp-json\/wp\/v2\/comments?post=2110"}],"wp:featuredmedia":[{"embeddable":true,"href":"https:\/\/gamberetti.com.co\/en\/wp-json\/wp\/v2\/media\/2111"}],"wp:attachment":[{"href":"https:\/\/gamberetti.com.co\/en\/wp-json\/wp\/v2\/media?parent=2110"}],"wp:term":[{"taxonomy":"product_cat","embeddable":true,"href":"https:\/\/gamberetti.com.co\/en\/wp-json\/wp\/v2\/product_cat?post=2110"},{"taxonomy":"product_tag","embeddable":true,"href":"https:\/\/gamberetti.com.co\/en\/wp-json\/wp\/v2\/product_tag?post=2110"}],"curies":[{"name":"wp","href":"https:\/\/api.w.org\/{rel}","templated":true}]}}