{"id":3095,"date":"2022-09-13T01:17:38","date_gmt":"2022-09-13T01:17:38","guid":{"rendered":"https:\/\/gamberetti.com.co\/?post_type=product&#038;p=3095"},"modified":"2022-12-03T15:48:33","modified_gmt":"2022-12-03T20:48:33","slug":"pantalon-iraca","status":"publish","type":"product","link":"https:\/\/gamberetti.com.co\/en\/product\/pantalon-iraca\/","title":{"rendered":"Iraca Pants"},"content":{"rendered":"<p style=\"text-align: justify;\"><span data-sheets-value=\"{&quot;1&quot;:2,&quot;2&quot;:&quot;Pantalones de lino con bota recta y nuestro lazo insignia Gamberetti. Una prenda vers\u00e1til y atemporal para ser usada en distintas ocasiones. V\u00edstela con nuestro top Iraca para lograr un estilo m\u00e1s formal o con un traje de ba\u00f1o para lucir m\u00e1s relajado. \\n\\nNota: las modelos v\u00edsten talla S&quot;}\" data-sheets-userformat=\"{&quot;2&quot;:829,&quot;3&quot;:{&quot;1&quot;:0},&quot;5&quot;:{&quot;1&quot;:[{&quot;1&quot;:2,&quot;2&quot;:0,&quot;5&quot;:{&quot;1&quot;:2,&quot;2&quot;:0}},{&quot;1&quot;:0,&quot;2&quot;:0,&quot;3&quot;:3},{&quot;1&quot;:1,&quot;2&quot;:0,&quot;4&quot;:1}]},&quot;6&quot;:{&quot;1&quot;:[{&quot;1&quot;:2,&quot;2&quot;:0,&quot;5&quot;:{&quot;1&quot;:2,&quot;2&quot;:0}},{&quot;1&quot;:0,&quot;2&quot;:0,&quot;3&quot;:3},{&quot;1&quot;:1,&quot;2&quot;:0,&quot;4&quot;:1}]},&quot;7&quot;:{&quot;1&quot;:[{&quot;1&quot;:2,&quot;2&quot;:0,&quot;5&quot;:{&quot;1&quot;:2,&quot;2&quot;:0}},{&quot;1&quot;:0,&quot;2&quot;:0,&quot;3&quot;:3},{&quot;1&quot;:1,&quot;2&quot;:0,&quot;4&quot;:1}]},&quot;8&quot;:{&quot;1&quot;:[{&quot;1&quot;:2,&quot;2&quot;:0,&quot;5&quot;:{&quot;1&quot;:2,&quot;2&quot;:0}},{&quot;1&quot;:0,&quot;2&quot;:0,&quot;3&quot;:3},{&quot;1&quot;:1,&quot;2&quot;:0,&quot;4&quot;:1}]},&quot;11&quot;:4,&quot;12&quot;:0}\">Linen pants with straight boots and our signature Gamberetti bow\u2014a versatile and timeless garment for different occasions.<\/span>Wear it with our Iraca top for a dressy look or with a swimsuit for a relaxed outfit.<\/p>\n<p>Note: models are wearing size S<\/p>","protected":false},"excerpt":{"rendered":"<p>Pantalones de lino con bota recta y nuestro lazo insignia Gamberetti. Una prenda vers\u00e1til y atemporal.V\u00edstela con nuestro top Iraca para lograr un estilo m\u00e1s formal o con un traje [&hellip;]<\/p>","protected":false},"featured_media":3162,"comment_status":"open","ping_status":"closed","template":"","meta":{"inline_featured_image":false,"_joinchat":[]},"product_cat":[82,30,34],"product_tag":[],"yoast_head":"<!-- This site is optimized with the Yoast SEO plugin v22.1 - https:\/\/yoast.com\/wordpress\/plugins\/seo\/ -->\n<title>Pantal\u00f3n Iraca - Gamberetti<\/title>\n<meta name=\"robots\" content=\"index, follow, max-snippet:-1, max-image-preview:large, max-video-preview:-1\" \/>\n<link rel=\"canonical\" href=\"https:\/\/gamberetti.com.co\/en\/product\/pantalon-iraca\/\" \/>\n<meta property=\"og:locale\" content=\"en_US\" \/>\n<meta property=\"og:type\" content=\"article\" \/>\n<meta property=\"og:title\" content=\"Pantal\u00f3n Iraca - Gamberetti\" \/>\n<meta property=\"og:description\" content=\"Pantalones de lino con bota recta y nuestro lazo insignia Gamberetti. Una prenda vers\u00e1til y atemporal.V\u00edstela con nuestro top Iraca para lograr un estilo m\u00e1s formal o con un traje [&hellip;]\" \/>\n<meta property=\"og:url\" content=\"https:\/\/gamberetti.com.co\/en\/product\/pantalon-iraca\/\" \/>\n<meta property=\"og:site_name\" content=\"Gamberetti\" \/>\n<meta property=\"article:modified_time\" content=\"2022-12-03T20:48:33+00:00\" \/>\n<meta property=\"og:image\" content=\"https:\/\/gamberetti.com.co\/wp-content\/uploads\/2022\/09\/Iraca-coral-1.jpg\" \/>\n\t<meta property=\"og:image:width\" content=\"1383\" \/>\n\t<meta property=\"og:image:height\" content=\"2200\" \/>\n\t<meta property=\"og:image:type\" content=\"image\/jpeg\" \/>\n<meta name=\"twitter:card\" content=\"summary_large_image\" \/>\n<script type=\"application\/ld+json\" class=\"yoast-schema-graph\">{\"@context\":\"https:\/\/schema.org\",\"@graph\":[{\"@type\":\"WebPage\",\"@id\":\"https:\/\/gamberetti.com.co\/producto\/pantalon-iraca\/\",\"url\":\"https:\/\/gamberetti.com.co\/producto\/pantalon-iraca\/\",\"name\":\"Pantal\u00f3n Iraca - Gamberetti\",\"isPartOf\":{\"@id\":\"https:\/\/gamberetti.com.co\/#website\"},\"datePublished\":\"2022-09-13T01:17:38+00:00\",\"dateModified\":\"2022-12-03T20:48:33+00:00\",\"breadcrumb\":{\"@id\":\"https:\/\/gamberetti.com.co\/producto\/pantalon-iraca\/#breadcrumb\"},\"inLanguage\":\"en-US\",\"potentialAction\":[{\"@type\":\"ReadAction\",\"target\":[\"https:\/\/gamberetti.com.co\/producto\/pantalon-iraca\/\"]}]},{\"@type\":\"BreadcrumbList\",\"@id\":\"https:\/\/gamberetti.com.co\/producto\/pantalon-iraca\/#breadcrumb\",\"itemListElement\":[{\"@type\":\"ListItem\",\"position\":1,\"name\":\"Portada\",\"item\":\"https:\/\/gamberetti.com.co\/\"},{\"@type\":\"ListItem\",\"position\":2,\"name\":\"Shop\",\"item\":\"https:\/\/gamberetti.com.co\/shop-page\/\"},{\"@type\":\"ListItem\",\"position\":3,\"name\":\"Pantal\u00f3n Iraca\"}]},{\"@type\":\"WebSite\",\"@id\":\"https:\/\/gamberetti.com.co\/#website\",\"url\":\"https:\/\/gamberetti.com.co\/\",\"name\":\"Gamberetti\",\"description\":\"Caribbean Wear\",\"publisher\":{\"@id\":\"https:\/\/gamberetti.com.co\/#organization\"},\"potentialAction\":[{\"@type\":\"SearchAction\",\"target\":{\"@type\":\"EntryPoint\",\"urlTemplate\":\"https:\/\/gamberetti.com.co\/?s={search_term_string}\"},\"query-input\":\"required name=search_term_string\"}],\"inLanguage\":\"en-US\"},{\"@type\":\"Organization\",\"@id\":\"https:\/\/gamberetti.com.co\/#organization\",\"name\":\"Gamberetti\",\"url\":\"https:\/\/gamberetti.com.co\/\",\"logo\":{\"@type\":\"ImageObject\",\"inLanguage\":\"en-US\",\"@id\":\"https:\/\/gamberetti.com.co\/#\/schema\/logo\/image\/\",\"url\":\"https:\/\/gamberetti.com.co\/wp-content\/uploads\/2023\/01\/logo.png\",\"contentUrl\":\"https:\/\/gamberetti.com.co\/wp-content\/uploads\/2023\/01\/logo.png\",\"width\":506,\"height\":234,\"caption\":\"Gamberetti\"},\"image\":{\"@id\":\"https:\/\/gamberetti.com.co\/#\/schema\/logo\/image\/\"}}]}<\/script>\n<!-- \/ Yoast SEO plugin. -->","yoast_head_json":{"title":"Pantal\u00f3n Iraca - Gamberetti","robots":{"index":"index","follow":"follow","max-snippet":"max-snippet:-1","max-image-preview":"max-image-preview:large","max-video-preview":"max-video-preview:-1"},"canonical":"https:\/\/gamberetti.com.co\/en\/product\/pantalon-iraca\/","og_locale":"en_US","og_type":"article","og_title":"Pantal\u00f3n Iraca - Gamberetti","og_description":"Pantalones de lino con bota recta y nuestro lazo insignia Gamberetti. Una prenda vers\u00e1til y atemporal.V\u00edstela con nuestro top Iraca para lograr un estilo m\u00e1s formal o con un traje [&hellip;]","og_url":"https:\/\/gamberetti.com.co\/en\/product\/pantalon-iraca\/","og_site_name":"Gamberetti","article_modified_time":"2022-12-03T20:48:33+00:00","og_image":[{"width":1383,"height":2200,"url":"https:\/\/gamberetti.com.co\/wp-content\/uploads\/2022\/09\/Iraca-coral-1.jpg","type":"image\/jpeg"}],"twitter_card":"summary_large_image","schema":{"@context":"https:\/\/schema.org","@graph":[{"@type":"WebPage","@id":"https:\/\/gamberetti.com.co\/producto\/pantalon-iraca\/","url":"https:\/\/gamberetti.com.co\/producto\/pantalon-iraca\/","name":"Pantal\u00f3n Iraca - Gamberetti","isPartOf":{"@id":"https:\/\/gamberetti.com.co\/#website"},"datePublished":"2022-09-13T01:17:38+00:00","dateModified":"2022-12-03T20:48:33+00:00","breadcrumb":{"@id":"https:\/\/gamberetti.com.co\/producto\/pantalon-iraca\/#breadcrumb"},"inLanguage":"en-US","potentialAction":[{"@type":"ReadAction","target":["https:\/\/gamberetti.com.co\/producto\/pantalon-iraca\/"]}]},{"@type":"BreadcrumbList","@id":"https:\/\/gamberetti.com.co\/producto\/pantalon-iraca\/#breadcrumb","itemListElement":[{"@type":"ListItem","position":1,"name":"Portada","item":"https:\/\/gamberetti.com.co\/"},{"@type":"ListItem","position":2,"name":"Shop","item":"https:\/\/gamberetti.com.co\/shop-page\/"},{"@type":"ListItem","position":3,"name":"Pantal\u00f3n Iraca"}]},{"@type":"WebSite","@id":"https:\/\/gamberetti.com.co\/#website","url":"https:\/\/gamberetti.com.co\/","name":"Gamberetti","description":"Caribbean Wear","publisher":{"@id":"https:\/\/gamberetti.com.co\/#organization"},"potentialAction":[{"@type":"SearchAction","target":{"@type":"EntryPoint","urlTemplate":"https:\/\/gamberetti.com.co\/?s={search_term_string}"},"query-input":"required name=search_term_string"}],"inLanguage":"en-US"},{"@type":"Organization","@id":"https:\/\/gamberetti.com.co\/#organization","name":"Gamberetti","url":"https:\/\/gamberetti.com.co\/","logo":{"@type":"ImageObject","inLanguage":"en-US","@id":"https:\/\/gamberetti.com.co\/#\/schema\/logo\/image\/","url":"https:\/\/gamberetti.com.co\/wp-content\/uploads\/2023\/01\/logo.png","contentUrl":"https:\/\/gamberetti.com.co\/wp-content\/uploads\/2023\/01\/logo.png","width":506,"height":234,"caption":"Gamberetti"},"image":{"@id":"https:\/\/gamberetti.com.co\/#\/schema\/logo\/image\/"}}]}},"_links":{"self":[{"href":"https:\/\/gamberetti.com.co\/en\/wp-json\/wp\/v2\/product\/3095"}],"collection":[{"href":"https:\/\/gamberetti.com.co\/en\/wp-json\/wp\/v2\/product"}],"about":[{"href":"https:\/\/gamberetti.com.co\/en\/wp-json\/wp\/v2\/types\/product"}],"replies":[{"embeddable":true,"href":"https:\/\/gamberetti.com.co\/en\/wp-json\/wp\/v2\/comments?post=3095"}],"wp:featuredmedia":[{"embeddable":true,"href":"https:\/\/gamberetti.com.co\/en\/wp-json\/wp\/v2\/media\/3162"}],"wp:attachment":[{"href":"https:\/\/gamberetti.com.co\/en\/wp-json\/wp\/v2\/media?parent=3095"}],"wp:term":[{"taxonomy":"product_cat","embeddable":true,"href":"https:\/\/gamberetti.com.co\/en\/wp-json\/wp\/v2\/product_cat?post=3095"},{"taxonomy":"product_tag","embeddable":true,"href":"https:\/\/gamberetti.com.co\/en\/wp-json\/wp\/v2\/product_tag?post=3095"}],"curies":[{"name":"wp","href":"https:\/\/api.w.org\/{rel}","templated":true}]}}