{"id":3854,"date":"2022-12-22T00:20:00","date_gmt":"2022-12-22T05:20:00","guid":{"rendered":"https:\/\/gamberetti.com.co\/?post_type=product&#038;p=3854"},"modified":"2023-05-30T12:41:22","modified_gmt":"2023-05-30T17:41:22","slug":"top-caicos","status":"publish","type":"product","link":"https:\/\/gamberetti.com.co\/en\/product\/top-caicos\/","title":{"rendered":"Caicos Top"},"content":{"rendered":"<p style=\"text-align: justify;\">Turks and Caicos is a group of eight main islands and twenty smaller ones. Just as in the same place, there are multiple paradises. In the same garment, we find different uses.<\/p>\n<p style=\"text-align: justify;\">This is a top with a spiral knot and button closure in the back area. Combine it with any of our references and get a complete outfit.<\/p>\n<p style=\"text-align: justify;\">Material: lino ol\u00e1n.<\/p>\n<p style=\"text-align: justify;\">Note: the model wears size S.<\/p>","protected":false},"excerpt":{"rendered":"<p>Turcas y Caicos, es un conjunto de ocho islas principales y veinte m\u00e1s peque\u00f1as. As\u00ed como en un mismo lugar existen m\u00faltiples para\u00edsos, en una misma prenda encontramos diversos usos. [&hellip;]<\/p>","protected":false},"featured_media":3927,"comment_status":"open","ping_status":"closed","template":"","meta":{"inline_featured_image":false,"_joinchat":[]},"product_cat":[86,30,31],"product_tag":[],"yoast_head":"<!-- This site is optimized with the Yoast SEO plugin v22.1 - https:\/\/yoast.com\/wordpress\/plugins\/seo\/ -->\n<title>Top Caicos - Gamberetti<\/title>\n<meta name=\"robots\" content=\"index, follow, max-snippet:-1, max-image-preview:large, max-video-preview:-1\" \/>\n<link rel=\"canonical\" href=\"https:\/\/gamberetti.com.co\/en\/product\/top-caicos\/\" \/>\n<meta property=\"og:locale\" content=\"en_US\" \/>\n<meta property=\"og:type\" content=\"article\" \/>\n<meta property=\"og:title\" content=\"Top Caicos - Gamberetti\" \/>\n<meta property=\"og:description\" content=\"Turcas y Caicos, es un conjunto de ocho islas principales y veinte m\u00e1s peque\u00f1as. As\u00ed como en un mismo lugar existen m\u00faltiples para\u00edsos, en una misma prenda encontramos diversos usos. [&hellip;]\" \/>\n<meta property=\"og:url\" content=\"https:\/\/gamberetti.com.co\/en\/product\/top-caicos\/\" \/>\n<meta property=\"og:site_name\" content=\"Gamberetti\" \/>\n<meta property=\"article:modified_time\" content=\"2023-05-30T17:41:22+00:00\" \/>\n<meta property=\"og:image\" content=\"https:\/\/gamberetti.com.co\/wp-content\/uploads\/2022\/12\/GamberettiIsla049.jpeg\" \/>\n\t<meta property=\"og:image:width\" content=\"1467\" \/>\n\t<meta property=\"og:image:height\" content=\"2200\" \/>\n\t<meta property=\"og:image:type\" content=\"image\/jpeg\" \/>\n<meta name=\"twitter:card\" content=\"summary_large_image\" \/>\n<script type=\"application\/ld+json\" class=\"yoast-schema-graph\">{\"@context\":\"https:\/\/schema.org\",\"@graph\":[{\"@type\":\"WebPage\",\"@id\":\"https:\/\/gamberetti.com.co\/producto\/top-caicos\/\",\"url\":\"https:\/\/gamberetti.com.co\/producto\/top-caicos\/\",\"name\":\"Top Caicos - Gamberetti\",\"isPartOf\":{\"@id\":\"https:\/\/gamberetti.com.co\/#website\"},\"datePublished\":\"2022-12-22T05:20:00+00:00\",\"dateModified\":\"2023-05-30T17:41:22+00:00\",\"breadcrumb\":{\"@id\":\"https:\/\/gamberetti.com.co\/producto\/top-caicos\/#breadcrumb\"},\"inLanguage\":\"en-US\",\"potentialAction\":[{\"@type\":\"ReadAction\",\"target\":[\"https:\/\/gamberetti.com.co\/producto\/top-caicos\/\"]}]},{\"@type\":\"BreadcrumbList\",\"@id\":\"https:\/\/gamberetti.com.co\/producto\/top-caicos\/#breadcrumb\",\"itemListElement\":[{\"@type\":\"ListItem\",\"position\":1,\"name\":\"Portada\",\"item\":\"https:\/\/gamberetti.com.co\/\"},{\"@type\":\"ListItem\",\"position\":2,\"name\":\"Shop\",\"item\":\"https:\/\/gamberetti.com.co\/shop-page\/\"},{\"@type\":\"ListItem\",\"position\":3,\"name\":\"Top Caicos\"}]},{\"@type\":\"WebSite\",\"@id\":\"https:\/\/gamberetti.com.co\/#website\",\"url\":\"https:\/\/gamberetti.com.co\/\",\"name\":\"Gamberetti\",\"description\":\"Caribbean Wear\",\"publisher\":{\"@id\":\"https:\/\/gamberetti.com.co\/#organization\"},\"potentialAction\":[{\"@type\":\"SearchAction\",\"target\":{\"@type\":\"EntryPoint\",\"urlTemplate\":\"https:\/\/gamberetti.com.co\/?s={search_term_string}\"},\"query-input\":\"required name=search_term_string\"}],\"inLanguage\":\"en-US\"},{\"@type\":\"Organization\",\"@id\":\"https:\/\/gamberetti.com.co\/#organization\",\"name\":\"Gamberetti\",\"url\":\"https:\/\/gamberetti.com.co\/\",\"logo\":{\"@type\":\"ImageObject\",\"inLanguage\":\"en-US\",\"@id\":\"https:\/\/gamberetti.com.co\/#\/schema\/logo\/image\/\",\"url\":\"https:\/\/gamberetti.com.co\/wp-content\/uploads\/2023\/01\/logo.png\",\"contentUrl\":\"https:\/\/gamberetti.com.co\/wp-content\/uploads\/2023\/01\/logo.png\",\"width\":506,\"height\":234,\"caption\":\"Gamberetti\"},\"image\":{\"@id\":\"https:\/\/gamberetti.com.co\/#\/schema\/logo\/image\/\"}}]}<\/script>\n<!-- \/ Yoast SEO plugin. -->","yoast_head_json":{"title":"Top Caicos - Gamberetti","robots":{"index":"index","follow":"follow","max-snippet":"max-snippet:-1","max-image-preview":"max-image-preview:large","max-video-preview":"max-video-preview:-1"},"canonical":"https:\/\/gamberetti.com.co\/en\/product\/top-caicos\/","og_locale":"en_US","og_type":"article","og_title":"Top Caicos - Gamberetti","og_description":"Turcas y Caicos, es un conjunto de ocho islas principales y veinte m\u00e1s peque\u00f1as. As\u00ed como en un mismo lugar existen m\u00faltiples para\u00edsos, en una misma prenda encontramos diversos usos. [&hellip;]","og_url":"https:\/\/gamberetti.com.co\/en\/product\/top-caicos\/","og_site_name":"Gamberetti","article_modified_time":"2023-05-30T17:41:22+00:00","og_image":[{"width":1467,"height":2200,"url":"https:\/\/gamberetti.com.co\/wp-content\/uploads\/2022\/12\/GamberettiIsla049.jpeg","type":"image\/jpeg"}],"twitter_card":"summary_large_image","schema":{"@context":"https:\/\/schema.org","@graph":[{"@type":"WebPage","@id":"https:\/\/gamberetti.com.co\/producto\/top-caicos\/","url":"https:\/\/gamberetti.com.co\/producto\/top-caicos\/","name":"Top Caicos - Gamberetti","isPartOf":{"@id":"https:\/\/gamberetti.com.co\/#website"},"datePublished":"2022-12-22T05:20:00+00:00","dateModified":"2023-05-30T17:41:22+00:00","breadcrumb":{"@id":"https:\/\/gamberetti.com.co\/producto\/top-caicos\/#breadcrumb"},"inLanguage":"en-US","potentialAction":[{"@type":"ReadAction","target":["https:\/\/gamberetti.com.co\/producto\/top-caicos\/"]}]},{"@type":"BreadcrumbList","@id":"https:\/\/gamberetti.com.co\/producto\/top-caicos\/#breadcrumb","itemListElement":[{"@type":"ListItem","position":1,"name":"Portada","item":"https:\/\/gamberetti.com.co\/"},{"@type":"ListItem","position":2,"name":"Shop","item":"https:\/\/gamberetti.com.co\/shop-page\/"},{"@type":"ListItem","position":3,"name":"Top Caicos"}]},{"@type":"WebSite","@id":"https:\/\/gamberetti.com.co\/#website","url":"https:\/\/gamberetti.com.co\/","name":"Gamberetti","description":"Caribbean Wear","publisher":{"@id":"https:\/\/gamberetti.com.co\/#organization"},"potentialAction":[{"@type":"SearchAction","target":{"@type":"EntryPoint","urlTemplate":"https:\/\/gamberetti.com.co\/?s={search_term_string}"},"query-input":"required name=search_term_string"}],"inLanguage":"en-US"},{"@type":"Organization","@id":"https:\/\/gamberetti.com.co\/#organization","name":"Gamberetti","url":"https:\/\/gamberetti.com.co\/","logo":{"@type":"ImageObject","inLanguage":"en-US","@id":"https:\/\/gamberetti.com.co\/#\/schema\/logo\/image\/","url":"https:\/\/gamberetti.com.co\/wp-content\/uploads\/2023\/01\/logo.png","contentUrl":"https:\/\/gamberetti.com.co\/wp-content\/uploads\/2023\/01\/logo.png","width":506,"height":234,"caption":"Gamberetti"},"image":{"@id":"https:\/\/gamberetti.com.co\/#\/schema\/logo\/image\/"}}]}},"_links":{"self":[{"href":"https:\/\/gamberetti.com.co\/en\/wp-json\/wp\/v2\/product\/3854"}],"collection":[{"href":"https:\/\/gamberetti.com.co\/en\/wp-json\/wp\/v2\/product"}],"about":[{"href":"https:\/\/gamberetti.com.co\/en\/wp-json\/wp\/v2\/types\/product"}],"replies":[{"embeddable":true,"href":"https:\/\/gamberetti.com.co\/en\/wp-json\/wp\/v2\/comments?post=3854"}],"wp:featuredmedia":[{"embeddable":true,"href":"https:\/\/gamberetti.com.co\/en\/wp-json\/wp\/v2\/media\/3927"}],"wp:attachment":[{"href":"https:\/\/gamberetti.com.co\/en\/wp-json\/wp\/v2\/media?parent=3854"}],"wp:term":[{"taxonomy":"product_cat","embeddable":true,"href":"https:\/\/gamberetti.com.co\/en\/wp-json\/wp\/v2\/product_cat?post=3854"},{"taxonomy":"product_tag","embeddable":true,"href":"https:\/\/gamberetti.com.co\/en\/wp-json\/wp\/v2\/product_tag?post=3854"}],"curies":[{"name":"wp","href":"https:\/\/api.w.org\/{rel}","templated":true}]}}