{"id":4200,"date":"2023-06-26T15:38:16","date_gmt":"2023-06-26T20:38:16","guid":{"rendered":"https:\/\/gamberetti.com.co\/?post_type=product&#038;p=4200"},"modified":"2023-10-24T17:38:15","modified_gmt":"2023-10-24T22:38:15","slug":"pantalon-vanilla","status":"publish","type":"product","link":"https:\/\/gamberetti.com.co\/en\/product\/pantalon-vanilla\/","title":{"rendered":"Vanilla Pants"},"content":{"rendered":"<p style=\"text-align: justify;\">Elevating both elegance and comfort, our Wide Leg pants are the perfect fusion of style and ease. Featuring a generous cut that not only enhances your stylish appearance but also guarantees unrestricted freedom of movement, these pants are designed with precision. Strategic darts accentuate your figure while discreet side pockets offer convenience without compromising the clean lines of the design. Finally, a smooth sliding closure ensures a flawless fit.<\/p>","protected":false},"excerpt":{"rendered":"<p>Nuestros pantalones Vanilla, son un b\u00e1sico elegante y funcional, dise\u00f1ado para los climas m\u00e1s c\u00e1lidos. Estos pantalones son perfectos para esos calurosos d\u00edas de verano en los que necesitas mantenerte [&hellip;]<\/p>","protected":false},"featured_media":4321,"comment_status":"open","ping_status":"closed","template":"","meta":{"inline_featured_image":false,"_joinchat":[]},"product_cat":[88,30,34],"product_tag":[],"yoast_head":"<!-- This site is optimized with the Yoast SEO plugin v22.1 - https:\/\/yoast.com\/wordpress\/plugins\/seo\/ -->\n<title>Pantal\u00f3n Vanilla - Gamberetti<\/title>\n<meta name=\"robots\" content=\"index, follow, max-snippet:-1, max-image-preview:large, max-video-preview:-1\" \/>\n<link rel=\"canonical\" href=\"https:\/\/gamberetti.com.co\/en\/product\/pantalon-vanilla\/\" \/>\n<meta property=\"og:locale\" content=\"en_US\" \/>\n<meta property=\"og:type\" content=\"article\" \/>\n<meta property=\"og:title\" content=\"Pantal\u00f3n Vanilla - Gamberetti\" \/>\n<meta property=\"og:description\" content=\"Nuestros pantalones Vanilla, son un b\u00e1sico elegante y funcional, dise\u00f1ado para los climas m\u00e1s c\u00e1lidos. Estos pantalones son perfectos para esos calurosos d\u00edas de verano en los que necesitas mantenerte [&hellip;]\" \/>\n<meta property=\"og:url\" content=\"https:\/\/gamberetti.com.co\/en\/product\/pantalon-vanilla\/\" \/>\n<meta property=\"og:site_name\" content=\"Gamberetti\" \/>\n<meta property=\"article:modified_time\" content=\"2023-10-24T22:38:15+00:00\" \/>\n<meta property=\"og:image\" content=\"https:\/\/gamberetti.com.co\/wp-content\/uploads\/2023\/06\/DSC01688-rotated.jpg\" \/>\n\t<meta property=\"og:image:width\" content=\"1080\" \/>\n\t<meta property=\"og:image:height\" content=\"1616\" \/>\n\t<meta property=\"og:image:type\" content=\"image\/jpeg\" \/>\n<meta name=\"twitter:card\" content=\"summary_large_image\" \/>\n<meta name=\"twitter:label1\" content=\"Est. reading time\" \/>\n\t<meta name=\"twitter:data1\" content=\"1 minute\" \/>\n<script type=\"application\/ld+json\" class=\"yoast-schema-graph\">{\"@context\":\"https:\/\/schema.org\",\"@graph\":[{\"@type\":\"WebPage\",\"@id\":\"https:\/\/gamberetti.com.co\/producto\/pantalon-vanilla\/\",\"url\":\"https:\/\/gamberetti.com.co\/producto\/pantalon-vanilla\/\",\"name\":\"Pantal\u00f3n Vanilla - Gamberetti\",\"isPartOf\":{\"@id\":\"https:\/\/gamberetti.com.co\/#website\"},\"datePublished\":\"2023-06-26T20:38:16+00:00\",\"dateModified\":\"2023-10-24T22:38:15+00:00\",\"breadcrumb\":{\"@id\":\"https:\/\/gamberetti.com.co\/producto\/pantalon-vanilla\/#breadcrumb\"},\"inLanguage\":\"en-US\",\"potentialAction\":[{\"@type\":\"ReadAction\",\"target\":[\"https:\/\/gamberetti.com.co\/producto\/pantalon-vanilla\/\"]}]},{\"@type\":\"BreadcrumbList\",\"@id\":\"https:\/\/gamberetti.com.co\/producto\/pantalon-vanilla\/#breadcrumb\",\"itemListElement\":[{\"@type\":\"ListItem\",\"position\":1,\"name\":\"Portada\",\"item\":\"https:\/\/gamberetti.com.co\/\"},{\"@type\":\"ListItem\",\"position\":2,\"name\":\"Shop\",\"item\":\"https:\/\/gamberetti.com.co\/shop-page\/\"},{\"@type\":\"ListItem\",\"position\":3,\"name\":\"Pantal\u00f3n Vanilla\"}]},{\"@type\":\"WebSite\",\"@id\":\"https:\/\/gamberetti.com.co\/#website\",\"url\":\"https:\/\/gamberetti.com.co\/\",\"name\":\"Gamberetti\",\"description\":\"Caribbean Wear\",\"publisher\":{\"@id\":\"https:\/\/gamberetti.com.co\/#organization\"},\"potentialAction\":[{\"@type\":\"SearchAction\",\"target\":{\"@type\":\"EntryPoint\",\"urlTemplate\":\"https:\/\/gamberetti.com.co\/?s={search_term_string}\"},\"query-input\":\"required name=search_term_string\"}],\"inLanguage\":\"en-US\"},{\"@type\":\"Organization\",\"@id\":\"https:\/\/gamberetti.com.co\/#organization\",\"name\":\"Gamberetti\",\"url\":\"https:\/\/gamberetti.com.co\/\",\"logo\":{\"@type\":\"ImageObject\",\"inLanguage\":\"en-US\",\"@id\":\"https:\/\/gamberetti.com.co\/#\/schema\/logo\/image\/\",\"url\":\"https:\/\/gamberetti.com.co\/wp-content\/uploads\/2023\/01\/logo.png\",\"contentUrl\":\"https:\/\/gamberetti.com.co\/wp-content\/uploads\/2023\/01\/logo.png\",\"width\":506,\"height\":234,\"caption\":\"Gamberetti\"},\"image\":{\"@id\":\"https:\/\/gamberetti.com.co\/#\/schema\/logo\/image\/\"}}]}<\/script>\n<!-- \/ Yoast SEO plugin. -->","yoast_head_json":{"title":"Pantal\u00f3n Vanilla - Gamberetti","robots":{"index":"index","follow":"follow","max-snippet":"max-snippet:-1","max-image-preview":"max-image-preview:large","max-video-preview":"max-video-preview:-1"},"canonical":"https:\/\/gamberetti.com.co\/en\/product\/pantalon-vanilla\/","og_locale":"en_US","og_type":"article","og_title":"Pantal\u00f3n Vanilla - Gamberetti","og_description":"Nuestros pantalones Vanilla, son un b\u00e1sico elegante y funcional, dise\u00f1ado para los climas m\u00e1s c\u00e1lidos. Estos pantalones son perfectos para esos calurosos d\u00edas de verano en los que necesitas mantenerte [&hellip;]","og_url":"https:\/\/gamberetti.com.co\/en\/product\/pantalon-vanilla\/","og_site_name":"Gamberetti","article_modified_time":"2023-10-24T22:38:15+00:00","og_image":[{"width":1080,"height":1616,"url":"https:\/\/gamberetti.com.co\/wp-content\/uploads\/2023\/06\/DSC01688-rotated.jpg","type":"image\/jpeg"}],"twitter_card":"summary_large_image","twitter_misc":{"Est. reading time":"1 minute"},"schema":{"@context":"https:\/\/schema.org","@graph":[{"@type":"WebPage","@id":"https:\/\/gamberetti.com.co\/producto\/pantalon-vanilla\/","url":"https:\/\/gamberetti.com.co\/producto\/pantalon-vanilla\/","name":"Pantal\u00f3n Vanilla - Gamberetti","isPartOf":{"@id":"https:\/\/gamberetti.com.co\/#website"},"datePublished":"2023-06-26T20:38:16+00:00","dateModified":"2023-10-24T22:38:15+00:00","breadcrumb":{"@id":"https:\/\/gamberetti.com.co\/producto\/pantalon-vanilla\/#breadcrumb"},"inLanguage":"en-US","potentialAction":[{"@type":"ReadAction","target":["https:\/\/gamberetti.com.co\/producto\/pantalon-vanilla\/"]}]},{"@type":"BreadcrumbList","@id":"https:\/\/gamberetti.com.co\/producto\/pantalon-vanilla\/#breadcrumb","itemListElement":[{"@type":"ListItem","position":1,"name":"Portada","item":"https:\/\/gamberetti.com.co\/"},{"@type":"ListItem","position":2,"name":"Shop","item":"https:\/\/gamberetti.com.co\/shop-page\/"},{"@type":"ListItem","position":3,"name":"Pantal\u00f3n Vanilla"}]},{"@type":"WebSite","@id":"https:\/\/gamberetti.com.co\/#website","url":"https:\/\/gamberetti.com.co\/","name":"Gamberetti","description":"Caribbean Wear","publisher":{"@id":"https:\/\/gamberetti.com.co\/#organization"},"potentialAction":[{"@type":"SearchAction","target":{"@type":"EntryPoint","urlTemplate":"https:\/\/gamberetti.com.co\/?s={search_term_string}"},"query-input":"required name=search_term_string"}],"inLanguage":"en-US"},{"@type":"Organization","@id":"https:\/\/gamberetti.com.co\/#organization","name":"Gamberetti","url":"https:\/\/gamberetti.com.co\/","logo":{"@type":"ImageObject","inLanguage":"en-US","@id":"https:\/\/gamberetti.com.co\/#\/schema\/logo\/image\/","url":"https:\/\/gamberetti.com.co\/wp-content\/uploads\/2023\/01\/logo.png","contentUrl":"https:\/\/gamberetti.com.co\/wp-content\/uploads\/2023\/01\/logo.png","width":506,"height":234,"caption":"Gamberetti"},"image":{"@id":"https:\/\/gamberetti.com.co\/#\/schema\/logo\/image\/"}}]}},"_links":{"self":[{"href":"https:\/\/gamberetti.com.co\/en\/wp-json\/wp\/v2\/product\/4200"}],"collection":[{"href":"https:\/\/gamberetti.com.co\/en\/wp-json\/wp\/v2\/product"}],"about":[{"href":"https:\/\/gamberetti.com.co\/en\/wp-json\/wp\/v2\/types\/product"}],"replies":[{"embeddable":true,"href":"https:\/\/gamberetti.com.co\/en\/wp-json\/wp\/v2\/comments?post=4200"}],"wp:featuredmedia":[{"embeddable":true,"href":"https:\/\/gamberetti.com.co\/en\/wp-json\/wp\/v2\/media\/4321"}],"wp:attachment":[{"href":"https:\/\/gamberetti.com.co\/en\/wp-json\/wp\/v2\/media?parent=4200"}],"wp:term":[{"taxonomy":"product_cat","embeddable":true,"href":"https:\/\/gamberetti.com.co\/en\/wp-json\/wp\/v2\/product_cat?post=4200"},{"taxonomy":"product_tag","embeddable":true,"href":"https:\/\/gamberetti.com.co\/en\/wp-json\/wp\/v2\/product_tag?post=4200"}],"curies":[{"name":"wp","href":"https:\/\/api.w.org\/{rel}","templated":true}]}}